{"id":3453,"date":"2022-06-15T16:18:27","date_gmt":"2022-06-15T20:18:27","guid":{"rendered":"https:\/\/www.dhdc1.org\/financiadores\/"},"modified":"2023-07-07T13:36:22","modified_gmt":"2023-07-07T17:36:22","slug":"financiadores","status":"publish","type":"page","link":"https:\/\/www.dhdc1.org\/es\/sobre-nosotros\/financiadores\/","title":{"rendered":"Financiadores"},"content":{"rendered":"<div class=\"entry-content\"><h2>El DHDC agradece a todos sus donantes<\/h2>\n<p><div class='columns-wrapper '><div  class='one_fourth  first_column'><img alt=\"\"><\/p>\n<p>482Adelante<\/p><\/div><div  class='one_fourth'><img alt=\"\"><\/p>\n<p>Mejor compra<\/p><\/div><div  class='one_fourth'><img alt=\"\"><\/p>\n<p>CCNNY\/ TALLO 2035<\/p><\/div><div  class='one_fourth last_column'><img alt=\"\"><\/p>\n<p>Banco J.P. Morgan Chase<\/p><\/div><\/div><br \/>\n<div class='columns-wrapper '><div  class='one_fourth  first_column'><img alt=\"\"><\/p>\n<p>Comcast<\/p><\/div><div  class='one_fourth'><img alt=\"\"><\/p>\n<p>Departamento de Recursos Naturales de MI<\/p><\/div><div  class='one_fourth'><img alt=\"\"><\/p>\n<p>Empresa<\/p><\/div><div  class='one_fourth last_column'><img alt=\"\"><\/p>\n<p>Fundaci\u00f3n de la Familia Erb<\/p><\/div><\/div><br \/>\n<div class='columns-wrapper '><div  class='one_fourth  first_column'><img alt=\"\"><\/p>\n<p>Banco Flagstar<\/p><\/div><div  class='one_fourth'><img alt=\"\"><\/p>\n<p>Ford Motor Co.<\/p><\/div><div  class='one_fourth'><img alt=\"\"><\/p>\n<p>Fundaci\u00f3n Ford<\/p><\/div><div  class='one_fourth last_column'><img alt=\"\"><\/p>\n<p>Cultivar el talento joven de Detroit<\/p><\/div><\/div><br \/>\n<div class='columns-wrapper '><div  class='one_fourth  first_column'><img alt=\"\"><\/p>\n<p>Fundaci\u00f3n GM<\/p><\/div><div  class='one_fourth'><img alt=\"\"><\/p>\n<p>Departamento de Vivienda y Desarrollo Urbano de Estados Unidos (HUD)<\/p><\/div><div  class='one_fourth'><img alt=\"\"><\/p>\n<p>Federaci\u00f3n Hispana<\/p><\/div><div  class='one_fourth last_column'><img alt=\"\"><\/p>\n<p>Banco Huntington<\/p><\/div><\/div><br \/>\n<div class='columns-wrapper '><div  class='one_fourth  first_column'><img alt=\"\"><\/p>\n<p>Fondo Familiar Jacob<\/p><\/div><div  class='one_fourth'><img alt=\"\"><\/p>\n<p>Fundaci\u00f3n Kresge<\/p><\/div><div  class='one_fourth'><img alt=\"\"><\/p>\n<p>Fondo McGregor<\/p><\/div><div  class='one_fourth last_column'><img alt=\"\"><\/p>\n<p>Departamento de Educaci\u00f3n de MI<\/p><\/div><\/div><br \/>\n<div class='columns-wrapper '><div  class='one_fourth  first_column'><img alt=\"\"><\/p>\n<p>Departamento de Salud y Servicios Humanos de MI<\/p><\/div><div  class='one_fourth'><img alt=\"\"><\/p>\n<p>MI Zona Central de Impacto<\/p><\/div><div  class='one_fourth'><img alt=\"\"><\/p>\n<p>Centro de Derechos de los Inmigrantes de Michigan<\/p><\/div><div  class='one_fourth last_column'><img alt=\"\"><\/p>\n<p>Asociaci\u00f3n de organizaciones sin \u00e1nimo de lucro de Michigan<\/p><\/div><\/div><br \/>\n<div class='columns-wrapper '><div  class='one_fourth  first_column'><img alt=\"\"><\/p>\n<p>MVP<\/p><\/div><div  class='one_fourth'><img alt=\"\"><\/p>\n<p>Banco PNC<\/p><\/div><div  class='one_fourth'><img alt=\"\"><\/p>\n<p>Fondo comunitario Rocket<\/p><\/div><div  class='one_fourth last_column'><img alt=\"\"><\/p>\n<p>Fundaci\u00f3n Skillman<\/p><\/div><\/div><br \/>\n<div class='columns-wrapper '><div  class='one_fourth  first_column'><img alt=\"\"><\/p>\n<p>Voces del Estado<\/p><\/div><div  class='one_fourth'><img alt=\"\"><\/p>\n<p>MAREAS<\/p><\/div><div  class='one_fourth'><img alt=\"\"><\/p>\n<p>Verita<\/p><\/div><div  class='one_fourth last_column'><img alt=\"\"><\/p>\n<p>Autoridad del puente Windsor Detroit<\/p><\/div><\/div><br \/>\n<div class='columns-wrapper '><div  class='one_fourth  first_column'><img alt=\"\"><\/p>\n<p>Red de Mujeres por la Democracia<\/p><\/div><div  class='one_fourth'><img alt=\"\"><\/p>\n<p>Fundaci\u00f3n WK Kellogg<\/p><\/div><div  class='one_fourth'><\/div><div  class='one_fourth last_column'><\/div><\/div><\/p>\n<\/div>","protected":false},"excerpt":{"rendered":"<p>El DHDC agradece a todos sus donantes<\/p>\n","protected":false},"author":24,"featured_media":3820,"parent":3494,"menu_order":1,"comment_status":"closed","ping_status":"closed","template":"","meta":{"footnotes":""},"class_list":{"1":"page","2":"type-page"},"featured_image_src":"https:\/\/www.dhdc1.org\/app\/uploads\/2024\/01\/partners-1-scaled.jpg","yoast_head":"<!-- This site is optimized with the Yoast SEO plugin v27.3 - https:\/\/yoast.com\/product\/yoast-seo-wordpress\/ -->\n<title>Financiadores DHDC | Lista de patrocinadores dedicados | Southwest Detroit Corp.<\/title>\n<meta name=\"description\" content=\"El DHDC supera las barreras del empleo, la educaci\u00f3n y la salud en colaboraci\u00f3n con los financiadores de la educaci\u00f3n, las empresas y la comunidad. M\u00e1s informaci\u00f3n.\" \/>\n<meta name=\"robots\" content=\"index, follow, max-snippet:-1, max-image-preview:large, max-video-preview:-1\" \/>\n<link rel=\"canonical\" href=\"https:\/\/www.dhdc1.org\/es\/sobre-nosotros\/financiadores\/\" \/>\n<meta name=\"twitter:label1\" content=\"Est. reading time\" \/>\n\t<meta name=\"twitter:data1\" content=\"1 minute\" \/>\n<script type=\"application\/ld+json\" class=\"yoast-schema-graph\">{\"@context\":\"https:\\\/\\\/schema.org\",\"@graph\":[{\"@type\":\"WebPage\",\"@id\":\"https:\\\/\\\/www.dhdc1.org\\\/es\\\/sobre-nosotros\\\/financiadores\\\/\",\"url\":\"https:\\\/\\\/www.dhdc1.org\\\/es\\\/sobre-nosotros\\\/financiadores\\\/\",\"name\":\"Financiadores DHDC | Lista de patrocinadores dedicados | Southwest Detroit Corp.\",\"isPartOf\":{\"@id\":\"https:\\\/\\\/www.dhdc1.org\\\/es\\\/#website\"},\"primaryImageOfPage\":{\"@id\":\"https:\\\/\\\/www.dhdc1.org\\\/es\\\/sobre-nosotros\\\/financiadores\\\/#primaryimage\"},\"image\":{\"@id\":\"https:\\\/\\\/www.dhdc1.org\\\/es\\\/sobre-nosotros\\\/financiadores\\\/#primaryimage\"},\"thumbnailUrl\":\"https:\\\/\\\/www.dhdc1.org\\\/app\\\/uploads\\\/2024\\\/01\\\/partners-1-scaled.jpg\",\"datePublished\":\"2022-06-15T20:18:27+00:00\",\"dateModified\":\"2023-07-07T17:36:22+00:00\",\"description\":\"El DHDC supera las barreras del empleo, la educaci\u00f3n y la salud en colaboraci\u00f3n con los financiadores de la educaci\u00f3n, las empresas y la comunidad. M\u00e1s informaci\u00f3n.\",\"breadcrumb\":{\"@id\":\"https:\\\/\\\/www.dhdc1.org\\\/es\\\/sobre-nosotros\\\/financiadores\\\/#breadcrumb\"},\"inLanguage\":\"es-ES\",\"potentialAction\":[{\"@type\":\"ReadAction\",\"target\":[\"https:\\\/\\\/www.dhdc1.org\\\/es\\\/sobre-nosotros\\\/financiadores\\\/\"]}]},{\"@type\":\"ImageObject\",\"inLanguage\":\"es-ES\",\"@id\":\"https:\\\/\\\/www.dhdc1.org\\\/es\\\/sobre-nosotros\\\/financiadores\\\/#primaryimage\",\"url\":\"https:\\\/\\\/www.dhdc1.org\\\/app\\\/uploads\\\/2024\\\/01\\\/partners-1-scaled.jpg\",\"contentUrl\":\"https:\\\/\\\/www.dhdc1.org\\\/app\\\/uploads\\\/2024\\\/01\\\/partners-1-scaled.jpg\",\"width\":2560,\"height\":1540},{\"@type\":\"BreadcrumbList\",\"@id\":\"https:\\\/\\\/www.dhdc1.org\\\/es\\\/sobre-nosotros\\\/financiadores\\\/#breadcrumb\",\"itemListElement\":[{\"@type\":\"ListItem\",\"position\":1,\"name\":\"Home\",\"item\":\"https:\\\/\\\/www.dhdc1.org\\\/es\\\/inicio\\\/\"},{\"@type\":\"ListItem\",\"position\":2,\"name\":\"Programas\",\"item\":\"https:\\\/\\\/www.dhdc1.org\\\/es\\\/programas\\\/\"},{\"@type\":\"ListItem\",\"position\":3,\"name\":\"Financiadores\"}]},{\"@type\":\"WebSite\",\"@id\":\"https:\\\/\\\/www.dhdc1.org\\\/es\\\/#website\",\"url\":\"https:\\\/\\\/www.dhdc1.org\\\/es\\\/\",\"name\":\"Detroit Hispanic Development Corporation\",\"description\":\"Creating life changing opportunities for youth and their families\",\"publisher\":{\"@id\":\"https:\\\/\\\/www.dhdc1.org\\\/es\\\/#organization\"},\"potentialAction\":[{\"@type\":\"SearchAction\",\"target\":{\"@type\":\"EntryPoint\",\"urlTemplate\":\"https:\\\/\\\/www.dhdc1.org\\\/es\\\/?s={search_term_string}\"},\"query-input\":{\"@type\":\"PropertyValueSpecification\",\"valueRequired\":true,\"valueName\":\"search_term_string\"}}],\"inLanguage\":\"es-ES\"},{\"@type\":\"Organization\",\"@id\":\"https:\\\/\\\/www.dhdc1.org\\\/es\\\/#organization\",\"name\":\"Detroit Hispanic Development Corporation\",\"url\":\"https:\\\/\\\/www.dhdc1.org\\\/es\\\/\",\"logo\":{\"@type\":\"ImageObject\",\"inLanguage\":\"es-ES\",\"@id\":\"https:\\\/\\\/www.dhdc1.org\\\/es\\\/#\\\/schema\\\/logo\\\/image\\\/\",\"url\":\"https:\\\/\\\/www.dhdc1.org\\\/app\\\/uploads\\\/2022\\\/06\\\/dhdc-logo-1.png\",\"contentUrl\":\"https:\\\/\\\/www.dhdc1.org\\\/app\\\/uploads\\\/2022\\\/06\\\/dhdc-logo-1.png\",\"width\":512,\"height\":242,\"caption\":\"Detroit Hispanic Development Corporation\"},\"image\":{\"@id\":\"https:\\\/\\\/www.dhdc1.org\\\/es\\\/#\\\/schema\\\/logo\\\/image\\\/\"},\"sameAs\":[\"https:\\\/\\\/www.facebook.com\\\/AmoDHDC\\\/\",\"https:\\\/\\\/x.com\\\/dhdc1\",\"https:\\\/\\\/www.linkedin.com\\\/company\\\/detroit-hispanic-development-corporation\\\/\",\"https:\\\/\\\/www.instagram.com\\\/amodhdc\\\/\"]}]}<\/script>\n<!-- \/ Yoast SEO plugin. -->","yoast_head_json":{"title":"Financiadores DHDC | Lista de patrocinadores dedicados | Southwest Detroit Corp.","description":"El DHDC supera las barreras del empleo, la educaci\u00f3n y la salud en colaboraci\u00f3n con los financiadores de la educaci\u00f3n, las empresas y la comunidad. M\u00e1s informaci\u00f3n.","robots":{"index":"index","follow":"follow","max-snippet":"max-snippet:-1","max-image-preview":"max-image-preview:large","max-video-preview":"max-video-preview:-1"},"canonical":"https:\/\/www.dhdc1.org\/es\/sobre-nosotros\/financiadores\/","twitter_misc":{"Est. reading time":"1 minute"},"schema":{"@context":"https:\/\/schema.org","@graph":[{"@type":"WebPage","@id":"https:\/\/www.dhdc1.org\/es\/sobre-nosotros\/financiadores\/","url":"https:\/\/www.dhdc1.org\/es\/sobre-nosotros\/financiadores\/","name":"Financiadores DHDC | Lista de patrocinadores dedicados | Southwest Detroit Corp.","isPartOf":{"@id":"https:\/\/www.dhdc1.org\/es\/#website"},"primaryImageOfPage":{"@id":"https:\/\/www.dhdc1.org\/es\/sobre-nosotros\/financiadores\/#primaryimage"},"image":{"@id":"https:\/\/www.dhdc1.org\/es\/sobre-nosotros\/financiadores\/#primaryimage"},"thumbnailUrl":"https:\/\/www.dhdc1.org\/app\/uploads\/2024\/01\/partners-1-scaled.jpg","datePublished":"2022-06-15T20:18:27+00:00","dateModified":"2023-07-07T17:36:22+00:00","description":"El DHDC supera las barreras del empleo, la educaci\u00f3n y la salud en colaboraci\u00f3n con los financiadores de la educaci\u00f3n, las empresas y la comunidad. M\u00e1s informaci\u00f3n.","breadcrumb":{"@id":"https:\/\/www.dhdc1.org\/es\/sobre-nosotros\/financiadores\/#breadcrumb"},"inLanguage":"es-ES","potentialAction":[{"@type":"ReadAction","target":["https:\/\/www.dhdc1.org\/es\/sobre-nosotros\/financiadores\/"]}]},{"@type":"ImageObject","inLanguage":"es-ES","@id":"https:\/\/www.dhdc1.org\/es\/sobre-nosotros\/financiadores\/#primaryimage","url":"https:\/\/www.dhdc1.org\/app\/uploads\/2024\/01\/partners-1-scaled.jpg","contentUrl":"https:\/\/www.dhdc1.org\/app\/uploads\/2024\/01\/partners-1-scaled.jpg","width":2560,"height":1540},{"@type":"BreadcrumbList","@id":"https:\/\/www.dhdc1.org\/es\/sobre-nosotros\/financiadores\/#breadcrumb","itemListElement":[{"@type":"ListItem","position":1,"name":"Home","item":"https:\/\/www.dhdc1.org\/es\/inicio\/"},{"@type":"ListItem","position":2,"name":"Programas","item":"https:\/\/www.dhdc1.org\/es\/programas\/"},{"@type":"ListItem","position":3,"name":"Financiadores"}]},{"@type":"WebSite","@id":"https:\/\/www.dhdc1.org\/es\/#website","url":"https:\/\/www.dhdc1.org\/es\/","name":"Detroit Hispanic Development Corporation","description":"Creating life changing opportunities for youth and their families","publisher":{"@id":"https:\/\/www.dhdc1.org\/es\/#organization"},"potentialAction":[{"@type":"SearchAction","target":{"@type":"EntryPoint","urlTemplate":"https:\/\/www.dhdc1.org\/es\/?s={search_term_string}"},"query-input":{"@type":"PropertyValueSpecification","valueRequired":true,"valueName":"search_term_string"}}],"inLanguage":"es-ES"},{"@type":"Organization","@id":"https:\/\/www.dhdc1.org\/es\/#organization","name":"Detroit Hispanic Development Corporation","url":"https:\/\/www.dhdc1.org\/es\/","logo":{"@type":"ImageObject","inLanguage":"es-ES","@id":"https:\/\/www.dhdc1.org\/es\/#\/schema\/logo\/image\/","url":"https:\/\/www.dhdc1.org\/app\/uploads\/2022\/06\/dhdc-logo-1.png","contentUrl":"https:\/\/www.dhdc1.org\/app\/uploads\/2022\/06\/dhdc-logo-1.png","width":512,"height":242,"caption":"Detroit Hispanic Development Corporation"},"image":{"@id":"https:\/\/www.dhdc1.org\/es\/#\/schema\/logo\/image\/"},"sameAs":["https:\/\/www.facebook.com\/AmoDHDC\/","https:\/\/x.com\/dhdc1","https:\/\/www.linkedin.com\/company\/detroit-hispanic-development-corporation\/","https:\/\/www.instagram.com\/amodhdc\/"]}]}},"_links":{"self":[{"href":"https:\/\/www.dhdc1.org\/es\/wp-json\/wp\/v2\/pages\/3453","targetHints":{"allow":["GET"]}}],"collection":[{"href":"https:\/\/www.dhdc1.org\/es\/wp-json\/wp\/v2\/pages"}],"about":[{"href":"https:\/\/www.dhdc1.org\/es\/wp-json\/wp\/v2\/types\/page"}],"author":[{"embeddable":true,"href":"https:\/\/www.dhdc1.org\/es\/wp-json\/wp\/v2\/users\/24"}],"replies":[{"embeddable":true,"href":"https:\/\/www.dhdc1.org\/es\/wp-json\/wp\/v2\/comments?post=3453"}],"version-history":[{"count":1,"href":"https:\/\/www.dhdc1.org\/es\/wp-json\/wp\/v2\/pages\/3453\/revisions"}],"predecessor-version":[{"id":3527,"href":"https:\/\/www.dhdc1.org\/es\/wp-json\/wp\/v2\/pages\/3453\/revisions\/3527"}],"up":[{"embeddable":true,"href":"https:\/\/www.dhdc1.org\/es\/wp-json\/wp\/v2\/pages\/3494"}],"wp:featuredmedia":[{"embeddable":true,"href":"https:\/\/www.dhdc1.org\/es\/wp-json\/wp\/v2\/media\/3820"}],"wp:attachment":[{"href":"https:\/\/www.dhdc1.org\/es\/wp-json\/wp\/v2\/media?parent=3453"}],"curies":[{"name":"wp","href":"https:\/\/api.w.org\/{rel}","templated":true}]}}