{"id":3455,"date":"2020-10-29T14:34:38","date_gmt":"2020-10-29T18:34:38","guid":{"rendered":"https:\/\/www.dhdc1.org\/contacte-con\/"},"modified":"2024-08-30T18:11:11","modified_gmt":"2024-08-30T22:11:11","slug":"contacte-con","status":"publish","type":"page","link":"https:\/\/www.dhdc1.org\/es\/contacte-con\/","title":{"rendered":"Contacte con"},"content":{"rendered":"<div class=\"entry-content\"><div class='columns-wrapper '><div  class='one_third  first_column'><div class=\"callout \"><p>  Correo electr\u00f3nico: <strong>info@dhdc1.org<\/strong> Oficina: <strong style=\"color: #ea6743;\">313-967-4880<\/strong> Fax: <strong style=\"color: #ea6743;\">313-967-4884www.dhdc1.org1211<\/strong><strong style=\"color: #ea6743;\">Trumbull St., Detroit, MI 48216<\/strong><\/p>\n<\/div>\n<div class=\"callout \"><p><span style=\"font-weight: 400;\">Al enviar tu n\u00famero de tel\u00e9fono, aceptas recibir mensajes de la Detroit Hispanic Development Corp.<br \/>\nPueden aplicarse tarifas de operador, la frecuencia de los mensajes var\u00eda. <\/span><\/p>\n<\/div><\/div>\n<div  class='two_third last_column'><script type=\"text\/javascript\">\n\/* <![CDATA[ *\/\nvar gform;gform||(document.addEventListener(\"gform_main_scripts_loaded\",function(){gform.scriptsLoaded=!0}),document.addEventListener(\"gform\/theme\/scripts_loaded\",function(){gform.themeScriptsLoaded=!0}),window.addEventListener(\"DOMContentLoaded\",function(){gform.domLoaded=!0}),gform={domLoaded:!1,scriptsLoaded:!1,themeScriptsLoaded:!1,isFormEditor:()=>\"function\"==typeof InitializeEditor,callIfLoaded:function(o){return!(!gform.domLoaded||!gform.scriptsLoaded||!gform.themeScriptsLoaded&&!gform.isFormEditor()||(gform.isFormEditor()&&console.warn(\"The use of gform.initializeOnLoaded() is deprecated in the form editor context and will be removed in Gravity Forms 3.1.\"),o(),0))},initializeOnLoaded:function(o){gform.callIfLoaded(o)||(document.addEventListener(\"gform_main_scripts_loaded\",()=>{gform.scriptsLoaded=!0,gform.callIfLoaded(o)}),document.addEventListener(\"gform\/theme\/scripts_loaded\",()=>{gform.themeScriptsLoaded=!0,gform.callIfLoaded(o)}),window.addEventListener(\"DOMContentLoaded\",()=>{gform.domLoaded=!0,gform.callIfLoaded(o)}))},hooks:{action:{},filter:{}},addAction:function(o,r,e,t){gform.addHook(\"action\",o,r,e,t)},addFilter:function(o,r,e,t){gform.addHook(\"filter\",o,r,e,t)},doAction:function(o){gform.doHook(\"action\",o,arguments)},applyFilters:function(o){return gform.doHook(\"filter\",o,arguments)},removeAction:function(o,r){gform.removeHook(\"action\",o,r)},removeFilter:function(o,r,e){gform.removeHook(\"filter\",o,r,e)},addHook:function(o,r,e,t,n){null==gform.hooks[o][r]&&(gform.hooks[o][r]=[]);var d=gform.hooks[o][r];null==n&&(n=r+\"_\"+d.length),gform.hooks[o][r].push({tag:n,callable:e,priority:t=null==t?10:t})},doHook:function(r,o,e){var t;if(e=Array.prototype.slice.call(e,1),null!=gform.hooks[r][o]&&((o=gform.hooks[r][o]).sort(function(o,r){return o.priority-r.priority}),o.forEach(function(o){\"function\"!=typeof(t=o.callable)&&(t=window[t]),\"action\"==r?t.apply(null,e):e[0]=t.apply(null,e)})),\"filter\"==r)return e[0]},removeHook:function(o,r,t,n){var e;null!=gform.hooks[o][r]&&(e=(e=gform.hooks[o][r]).filter(function(o,r,e){return!!(null!=n&&n!=o.tag||null!=t&&t!=o.priority)}),gform.hooks[o][r]=e)}});\n\/* ]]> *\/\n<\/script>\n\n                <div class='gf_browser_gecko gform_wrapper gform_legacy_markup_wrapper gform-theme--no-framework' data-form-theme='legacy' data-form-index='0' id='gform_wrapper_2' ><div id='gf_2' class='gform_anchor' tabindex='-1'><\/div>\n                        <div class='gform_heading'>\n                            <h3 class=\"gform_title\">Contact Us<\/h3>\n                        <\/div><form method='post' enctype='multipart\/form-data' target='gform_ajax_frame_2' id='gform_2'  action='\/es\/wp-json\/wp\/v2\/pages\/3455#gf_2' data-formid='2' novalidate>\n                        <div class='gform-body gform_body'><ul id='gform_fields_2' class='gform_fields top_label form_sublabel_below description_below validation_below'><li id=\"field_2_7\" class=\"gfield gfield--type-honeypot gform_validation_container field_sublabel_below gfield--has-description field_description_below field_validation_below gfield_visibility_visible\"  ><label class='gfield_label gform-field-label' for='input_2_7'>Instagram<\/label><div class='ginput_container'><input name='input_7' id='input_2_7' type='text' value='' autocomplete='new-password'\/><\/div><div class='gfield_description' id='gfield_description_2_7'>This field is for validation purposes and should be left unchanged.<\/div><\/li><li id=\"field_2_1\" class=\"gfield gfield--type-name gfield_contains_required field_sublabel_below gfield--no-description field_description_below field_validation_below gfield_visibility_visible\"  ><label class='gfield_label gform-field-label gfield_label_before_complex' >Name<span class=\"gfield_required\"><span class=\"gfield_required gfield_required_asterisk\">*<\/span><\/span><\/label><div class='ginput_complex ginput_container ginput_container--name no_prefix has_first_name no_middle_name has_last_name no_suffix gf_name_has_2 ginput_container_name gform-grid-row' id='input_2_1'>\n                            \n                            <span id='input_2_1_3_container' class='name_first gform-grid-col gform-grid-col--size-auto' >\n                                                    <input type='text' name='input_1.3' id='input_2_1_3' value=''   aria-required='true'     \/>\n                                                    <label for='input_2_1_3' class='gform-field-label gform-field-label--type-sub '>First<\/label>\n                                                <\/span>\n                            \n                            <span id='input_2_1_6_container' class='name_last gform-grid-col gform-grid-col--size-auto' >\n                                                    <input type='text' name='input_1.6' id='input_2_1_6' value=''   aria-required='true'     \/>\n                                                    <label for='input_2_1_6' class='gform-field-label gform-field-label--type-sub '>Last<\/label>\n                                                <\/span>\n                            \n                        <\/div><\/li><li id=\"field_2_5\" class=\"gfield gfield--type-text field_sublabel_below gfield--no-description field_description_below field_validation_below gfield_visibility_visible\"  ><label class='gfield_label gform-field-label' for='input_2_5'>Company<\/label><div class='ginput_container ginput_container_text'><input name='input_5' id='input_2_5' type='text' value='' class='large'      aria-invalid=\"false\"   \/><\/div><\/li><li id=\"field_2_3\" class=\"gfield gfield--type-phone field_sublabel_below gfield--no-description field_description_below field_validation_below gfield_visibility_visible\"  ><label class='gfield_label gform-field-label' for='input_2_3'>Phone<\/label><div class='ginput_container ginput_container_phone'><input name='input_3' id='input_2_3' type='tel' value='' class='large'    aria-invalid=\"false\"   \/><\/div><\/li><li id=\"field_2_2\" class=\"gfield gfield--type-email gfield_contains_required field_sublabel_below gfield--no-description field_description_below field_validation_below gfield_visibility_visible\"  ><label class='gfield_label gform-field-label' for='input_2_2'>Email<span class=\"gfield_required\"><span class=\"gfield_required gfield_required_asterisk\">*<\/span><\/span><\/label><div class='ginput_container ginput_container_email'>\n                            <input name='input_2' id='input_2_2' type='email' value='' class='large'    aria-required=\"true\" aria-invalid=\"false\"  \/>\n                        <\/div><\/li><li id=\"field_2_6\" class=\"gfield gfield--type-textarea gfield_contains_required field_sublabel_below gfield--no-description field_description_below field_validation_below gfield_visibility_visible\"  ><label class='gfield_label gform-field-label' for='input_2_6'>Message<span class=\"gfield_required\"><span class=\"gfield_required gfield_required_asterisk\">*<\/span><\/span><\/label><div class='ginput_container ginput_container_textarea'><textarea name='input_6' id='input_2_6' class='textarea large'     aria-required=\"true\" aria-invalid=\"false\"   rows='10' cols='50'><\/textarea><\/div><\/li><li id=\"field_2_4\" class=\"gfield gfield--type-captcha field_sublabel_below gfield--no-description field_description_below field_validation_below gfield_visibility_visible\"  ><label class='gfield_label gform-field-label' for='input_2_4'>CAPTCHA<\/label><div id='input_2_4' class='ginput_container ginput_recaptcha' data-sitekey='6LedhI8mAAAAANgVO5WhMNakaS8NK4hXZ_dUkuCC'  data-theme='light' data-tabindex='0'  data-badge=''><\/div><\/li><\/ul><\/div>\n        <div class='gform-footer gform_footer top_label'> <input type='submit' id='gform_submit_button_2' class='gform_button button' onclick='gform.submission.handleButtonClick(this);' data-submission-type='submit' value='Submit'  \/> <input type='hidden' name='gform_ajax' value='form_id=2&amp;title=1&amp;description=&amp;tabindex=0&amp;theme=legacy&amp;styles=[]&amp;hash=45fc1023396fde3156e328966054a3cf' \/>\n            <input type='hidden' class='gform_hidden' name='gform_submission_method' data-js='gform_submission_method_2' value='iframe' \/>\n            <input type='hidden' class='gform_hidden' name='gform_theme' data-js='gform_theme_2' id='gform_theme_2' value='legacy' \/>\n            <input type='hidden' class='gform_hidden' name='gform_style_settings' data-js='gform_style_settings_2' id='gform_style_settings_2' value='[]' \/>\n            <input type='hidden' class='gform_hidden' name='is_submit_2' value='1' \/>\n            <input type='hidden' class='gform_hidden' name='gform_submit' value='2' \/>\n            \n            <input type='hidden' class='gform_hidden' name='gform_currency' data-currency='USD' value='9aBqVJf46yNVnAVKhlPRIcy1Z\/9FWG98hK+81F3N+4uyv6i\/\/xTe3OVr7rYGNVJUI2Ssea6YAEIUgwbAEDcP6rRQEMnDucwQ8XOpLvgQJoE9FqU=' \/>\n            <input type='hidden' class='gform_hidden' name='gform_unique_id' value='' \/>\n            <input type='hidden' class='gform_hidden' name='state_2' value='WyJbXSIsIjNlZWFhNjJhMmI3NjMyODRkMjZjMGY2ZjFlMDYxZjNhIl0=' \/>\n            <input type='hidden' autocomplete='off' class='gform_hidden' name='gform_target_page_number_2' id='gform_target_page_number_2' value='0' \/>\n            <input type='hidden' autocomplete='off' class='gform_hidden' name='gform_source_page_number_2' id='gform_source_page_number_2' value='1' \/>\n            <input type='hidden' name='gform_field_values' value='' \/>\n            \n        <\/div>\n                        <p style=\"display: none !important;\" class=\"akismet-fields-container\" data-prefix=\"ak_\"><label>&#916;<textarea name=\"ak_hp_textarea\" cols=\"45\" rows=\"8\" maxlength=\"100\"><\/textarea><\/label><input type=\"hidden\" id=\"ak_js_1\" name=\"ak_js\" value=\"33\"\/><script>document.getElementById( \"ak_js_1\" ).setAttribute( \"value\", ( new Date() ).getTime() );<\/script><\/p><\/form>\n                        <\/div>\n\t\t                <iframe style='display:none;width:0px;height:0px;' src='about:blank' name='gform_ajax_frame_2' id='gform_ajax_frame_2' title='This iframe contains the logic required to handle Ajax powered Gravity Forms.'><\/iframe>\n\t\t                <script type=\"text\/javascript\">\n\/* <![CDATA[ *\/\n gform.initializeOnLoaded( function() {gformInitSpinner( 2, 'https:\/\/www.dhdc1.org\/app\/plugins\/gravityforms\/images\/spinner.svg', true );jQuery('#gform_ajax_frame_2').on('load',function(){var contents = jQuery(this).contents().find('*').html();var is_postback = contents.indexOf('GF_AJAX_POSTBACK') >= 0;if(!is_postback){return;}var form_content = jQuery(this).contents().find('#gform_wrapper_2');var is_confirmation = jQuery(this).contents().find('#gform_confirmation_wrapper_2').length > 0;var is_redirect = contents.indexOf('gformRedirect(){') >= 0;var is_form = form_content.length > 0 && ! is_redirect && ! is_confirmation;var mt = parseInt(jQuery('html').css('margin-top'), 10) + parseInt(jQuery('body').css('margin-top'), 10) + 100;if(is_form){jQuery('#gform_wrapper_2').html(form_content.html());if(form_content.hasClass('gform_validation_error')){jQuery('#gform_wrapper_2').addClass('gform_validation_error');} else {jQuery('#gform_wrapper_2').removeClass('gform_validation_error');}setTimeout( function() { \/* delay the scroll by 50 milliseconds to fix a bug in chrome *\/ jQuery(document).scrollTop(jQuery('#gform_wrapper_2').offset().top - mt); }, 50 );if(window['gformInitDatepicker']) {gformInitDatepicker();}if(window['gformInitPriceFields']) {gformInitPriceFields();}var current_page = jQuery('#gform_source_page_number_2').val();gformInitSpinner( 2, 'https:\/\/www.dhdc1.org\/app\/plugins\/gravityforms\/images\/spinner.svg', true );jQuery(document).trigger('gform_page_loaded', [2, current_page]);window['gf_submitting_2'] = false;}else if(!is_redirect){var confirmation_content = jQuery(this).contents().find('.GF_AJAX_POSTBACK').html();if(!confirmation_content){confirmation_content = contents;}jQuery('#gform_wrapper_2').replaceWith(confirmation_content);jQuery(document).scrollTop(jQuery('#gf_2').offset().top - mt);jQuery(document).trigger('gform_confirmation_loaded', [2]);window['gf_submitting_2'] = false;wp.a11y.speak(jQuery('#gform_confirmation_message_2').text());}else{jQuery('#gform_2').append(contents);if(window['gformRedirect']) {gformRedirect();}}jQuery(document).trigger(\"gform_pre_post_render\", [{ formId: \"2\", currentPage: \"current_page\", abort: function() { this.preventDefault(); } }]);        if (event && event.defaultPrevented) {                return;        }        const gformWrapperDiv = document.getElementById( \"gform_wrapper_2\" );        if ( gformWrapperDiv ) {            const visibilitySpan = document.createElement( \"span\" );            visibilitySpan.id = \"gform_visibility_test_2\";            gformWrapperDiv.insertAdjacentElement( \"afterend\", visibilitySpan );        }        const visibilityTestDiv = document.getElementById( \"gform_visibility_test_2\" );        let postRenderFired = false;        function triggerPostRender() {            if ( postRenderFired ) {                return;            }            postRenderFired = true;            gform.core.triggerPostRenderEvents( 2, current_page );            if ( visibilityTestDiv ) {                visibilityTestDiv.parentNode.removeChild( visibilityTestDiv );            }        }        function debounce( func, wait, immediate ) {            var timeout;            return function() {                var context = this, args = arguments;                var later = function() {                    timeout = null;                    if ( !immediate ) func.apply( context, args );                };                var callNow = immediate && !timeout;                clearTimeout( timeout );                timeout = setTimeout( later, wait );                if ( callNow ) func.apply( context, args );            };        }        const debouncedTriggerPostRender = debounce( function() {            triggerPostRender();        }, 200 );        if ( visibilityTestDiv && visibilityTestDiv.offsetParent === null ) {            const observer = new MutationObserver( ( mutations ) => {                mutations.forEach( ( mutation ) => {                    if ( mutation.type === 'attributes' && visibilityTestDiv.offsetParent !== null ) {                        debouncedTriggerPostRender();                        observer.disconnect();                    }                });            });            observer.observe( document.body, {                attributes: true,                childList: false,                subtree: true,                attributeFilter: [ 'style', 'class' ],            });        } else {            triggerPostRender();        }    } );} ); \n\/* ]]> *\/\n<\/script>\n<\/div><\/div>\n<p>&nbsp;<\/p>\n<p>&nbsp;<\/p>\n<p>&nbsp;<\/p>\n<\/div>","protected":false},"excerpt":{"rendered":"<p>&nbsp; &nbsp; &nbsp;<\/p>\n","protected":false},"author":24,"featured_media":0,"parent":0,"menu_order":0,"comment_status":"closed","ping_status":"closed","template":"","meta":{"footnotes":""},"class_list":{"1":"page","2":"type-page"},"featured_image_src":null,"yoast_head":"<!-- This site is optimized with the Yoast SEO plugin v27.4 - https:\/\/yoast.com\/product\/yoast-seo-wordpress\/ -->\n<title>Contacte con DHDC | Env\u00ede sus preguntas y comentarios | Comunidad de SW Detroit<\/title>\n<meta name=\"description\" content=\"\u00bfTiene preguntas o comentarios sobre los programas y servicios ofrecidos? P\u00f3ngase en contacto con el DHDC para obtener informaci\u00f3n sobre c\u00f3mo participar.\" \/>\n<meta name=\"robots\" content=\"index, follow, max-snippet:-1, max-image-preview:large, max-video-preview:-1\" \/>\n<link rel=\"canonical\" href=\"https:\/\/www.dhdc1.org\/es\/contacte-con\/\" \/>\n<script type=\"application\/ld+json\" class=\"yoast-schema-graph\">{\"@context\":\"https:\\\/\\\/schema.org\",\"@graph\":[{\"@type\":\"WebPage\",\"@id\":\"https:\\\/\\\/www.dhdc1.org\\\/es\\\/contacte-con\\\/\",\"url\":\"https:\\\/\\\/www.dhdc1.org\\\/es\\\/contacte-con\\\/\",\"name\":\"Contacte con DHDC | Env\u00ede sus preguntas y comentarios | Comunidad de SW Detroit\",\"isPartOf\":{\"@id\":\"https:\\\/\\\/www.dhdc1.org\\\/es\\\/#website\"},\"datePublished\":\"2020-10-29T18:34:38+00:00\",\"dateModified\":\"2024-08-30T22:11:11+00:00\",\"description\":\"\u00bfTiene preguntas o comentarios sobre los programas y servicios ofrecidos? P\u00f3ngase en contacto con el DHDC para obtener informaci\u00f3n sobre c\u00f3mo participar.\",\"breadcrumb\":{\"@id\":\"https:\\\/\\\/www.dhdc1.org\\\/es\\\/contacte-con\\\/#breadcrumb\"},\"inLanguage\":\"es-ES\",\"potentialAction\":[{\"@type\":\"ReadAction\",\"target\":[\"https:\\\/\\\/www.dhdc1.org\\\/es\\\/contacte-con\\\/\"]}]},{\"@type\":\"BreadcrumbList\",\"@id\":\"https:\\\/\\\/www.dhdc1.org\\\/es\\\/contacte-con\\\/#breadcrumb\",\"itemListElement\":[{\"@type\":\"ListItem\",\"position\":1,\"name\":\"Home\",\"item\":\"https:\\\/\\\/www.dhdc1.org\\\/es\\\/inicio\\\/\"},{\"@type\":\"ListItem\",\"position\":2,\"name\":\"Contacte con\"}]},{\"@type\":\"WebSite\",\"@id\":\"https:\\\/\\\/www.dhdc1.org\\\/es\\\/#website\",\"url\":\"https:\\\/\\\/www.dhdc1.org\\\/es\\\/\",\"name\":\"Detroit Hispanic Development Corporation\",\"description\":\"Creating life changing opportunities for youth and their families\",\"publisher\":{\"@id\":\"https:\\\/\\\/www.dhdc1.org\\\/es\\\/#organization\"},\"potentialAction\":[{\"@type\":\"SearchAction\",\"target\":{\"@type\":\"EntryPoint\",\"urlTemplate\":\"https:\\\/\\\/www.dhdc1.org\\\/es\\\/?s={search_term_string}\"},\"query-input\":{\"@type\":\"PropertyValueSpecification\",\"valueRequired\":true,\"valueName\":\"search_term_string\"}}],\"inLanguage\":\"es-ES\"},{\"@type\":\"Organization\",\"@id\":\"https:\\\/\\\/www.dhdc1.org\\\/es\\\/#organization\",\"name\":\"Detroit Hispanic Development Corporation\",\"url\":\"https:\\\/\\\/www.dhdc1.org\\\/es\\\/\",\"logo\":{\"@type\":\"ImageObject\",\"inLanguage\":\"es-ES\",\"@id\":\"https:\\\/\\\/www.dhdc1.org\\\/es\\\/#\\\/schema\\\/logo\\\/image\\\/\",\"url\":\"https:\\\/\\\/www.dhdc1.org\\\/app\\\/uploads\\\/2022\\\/06\\\/dhdc-logo-1.png\",\"contentUrl\":\"https:\\\/\\\/www.dhdc1.org\\\/app\\\/uploads\\\/2022\\\/06\\\/dhdc-logo-1.png\",\"width\":512,\"height\":242,\"caption\":\"Detroit Hispanic Development Corporation\"},\"image\":{\"@id\":\"https:\\\/\\\/www.dhdc1.org\\\/es\\\/#\\\/schema\\\/logo\\\/image\\\/\"},\"sameAs\":[\"https:\\\/\\\/www.facebook.com\\\/AmoDHDC\\\/\",\"https:\\\/\\\/x.com\\\/dhdc1\",\"https:\\\/\\\/www.linkedin.com\\\/company\\\/detroit-hispanic-development-corporation\\\/\",\"https:\\\/\\\/www.instagram.com\\\/amodhdc\\\/\"]}]}<\/script>\n<!-- \/ Yoast SEO plugin. -->","yoast_head_json":{"title":"Contacte con DHDC | Env\u00ede sus preguntas y comentarios | Comunidad de SW Detroit","description":"\u00bfTiene preguntas o comentarios sobre los programas y servicios ofrecidos? P\u00f3ngase en contacto con el DHDC para obtener informaci\u00f3n sobre c\u00f3mo participar.","robots":{"index":"index","follow":"follow","max-snippet":"max-snippet:-1","max-image-preview":"max-image-preview:large","max-video-preview":"max-video-preview:-1"},"canonical":"https:\/\/www.dhdc1.org\/es\/contacte-con\/","schema":{"@context":"https:\/\/schema.org","@graph":[{"@type":"WebPage","@id":"https:\/\/www.dhdc1.org\/es\/contacte-con\/","url":"https:\/\/www.dhdc1.org\/es\/contacte-con\/","name":"Contacte con DHDC | Env\u00ede sus preguntas y comentarios | Comunidad de SW Detroit","isPartOf":{"@id":"https:\/\/www.dhdc1.org\/es\/#website"},"datePublished":"2020-10-29T18:34:38+00:00","dateModified":"2024-08-30T22:11:11+00:00","description":"\u00bfTiene preguntas o comentarios sobre los programas y servicios ofrecidos? P\u00f3ngase en contacto con el DHDC para obtener informaci\u00f3n sobre c\u00f3mo participar.","breadcrumb":{"@id":"https:\/\/www.dhdc1.org\/es\/contacte-con\/#breadcrumb"},"inLanguage":"es-ES","potentialAction":[{"@type":"ReadAction","target":["https:\/\/www.dhdc1.org\/es\/contacte-con\/"]}]},{"@type":"BreadcrumbList","@id":"https:\/\/www.dhdc1.org\/es\/contacte-con\/#breadcrumb","itemListElement":[{"@type":"ListItem","position":1,"name":"Home","item":"https:\/\/www.dhdc1.org\/es\/inicio\/"},{"@type":"ListItem","position":2,"name":"Contacte con"}]},{"@type":"WebSite","@id":"https:\/\/www.dhdc1.org\/es\/#website","url":"https:\/\/www.dhdc1.org\/es\/","name":"Detroit Hispanic Development Corporation","description":"Creating life changing opportunities for youth and their families","publisher":{"@id":"https:\/\/www.dhdc1.org\/es\/#organization"},"potentialAction":[{"@type":"SearchAction","target":{"@type":"EntryPoint","urlTemplate":"https:\/\/www.dhdc1.org\/es\/?s={search_term_string}"},"query-input":{"@type":"PropertyValueSpecification","valueRequired":true,"valueName":"search_term_string"}}],"inLanguage":"es-ES"},{"@type":"Organization","@id":"https:\/\/www.dhdc1.org\/es\/#organization","name":"Detroit Hispanic Development Corporation","url":"https:\/\/www.dhdc1.org\/es\/","logo":{"@type":"ImageObject","inLanguage":"es-ES","@id":"https:\/\/www.dhdc1.org\/es\/#\/schema\/logo\/image\/","url":"https:\/\/www.dhdc1.org\/app\/uploads\/2022\/06\/dhdc-logo-1.png","contentUrl":"https:\/\/www.dhdc1.org\/app\/uploads\/2022\/06\/dhdc-logo-1.png","width":512,"height":242,"caption":"Detroit Hispanic Development Corporation"},"image":{"@id":"https:\/\/www.dhdc1.org\/es\/#\/schema\/logo\/image\/"},"sameAs":["https:\/\/www.facebook.com\/AmoDHDC\/","https:\/\/x.com\/dhdc1","https:\/\/www.linkedin.com\/company\/detroit-hispanic-development-corporation\/","https:\/\/www.instagram.com\/amodhdc\/"]}]}},"_links":{"self":[{"href":"https:\/\/www.dhdc1.org\/es\/wp-json\/wp\/v2\/pages\/3455","targetHints":{"allow":["GET"]}}],"collection":[{"href":"https:\/\/www.dhdc1.org\/es\/wp-json\/wp\/v2\/pages"}],"about":[{"href":"https:\/\/www.dhdc1.org\/es\/wp-json\/wp\/v2\/types\/page"}],"author":[{"embeddable":true,"href":"https:\/\/www.dhdc1.org\/es\/wp-json\/wp\/v2\/users\/24"}],"replies":[{"embeddable":true,"href":"https:\/\/www.dhdc1.org\/es\/wp-json\/wp\/v2\/comments?post=3455"}],"version-history":[{"count":2,"href":"https:\/\/www.dhdc1.org\/es\/wp-json\/wp\/v2\/pages\/3455\/revisions"}],"predecessor-version":[{"id":4029,"href":"https:\/\/www.dhdc1.org\/es\/wp-json\/wp\/v2\/pages\/3455\/revisions\/4029"}],"wp:attachment":[{"href":"https:\/\/www.dhdc1.org\/es\/wp-json\/wp\/v2\/media?parent=3455"}],"curies":[{"name":"wp","href":"https:\/\/api.w.org\/{rel}","templated":true}]}}