{"id":3456,"date":"2022-06-13T15:13:55","date_gmt":"2022-06-13T19:13:55","guid":{"rendered":"https:\/\/www.dhdc1.org\/programas\/"},"modified":"2024-02-12T13:05:03","modified_gmt":"2024-02-12T18:05:03","slug":"programas","status":"publish","type":"page","link":"https:\/\/www.dhdc1.org\/es\/programas\/","title":{"rendered":"Programas"},"content":{"rendered":"<div class=\"entry-content\"><div class='columns-wrapper '><div  class='one_half  first_column'><h2>Programas del DHDC<\/h2>\n<p>Detroit Hispanic Development Corporation trabaja en dos \u00e1mbitos fundamentales: el cambio a nivel individual y el cambio a nivel de comunidad\/sistema. Nuestros programas est\u00e1n dise\u00f1ados para aumentar la capacidad de los residentes como <strong>agentes de cambio y autodeterminaci\u00f3n<\/strong> en sus propias familias, escuelas y comunidades, lo cual es fundamental para el desarrollo de la autodeterminaci\u00f3n y la transformaci\u00f3n de la comunidad.<br \/>\nNos centramos en el <strong>compromiso de la comunidad a nivel personal, social, educativo y econ\u00f3mico, trabajando para fomentar la autodeterminaci\u00f3n, la confianza en uno mismo, las aptitudes personales, las relaciones entre barrios e instituciones, la sensaci\u00f3n de poder sobre la vida personal y del barrio, y el acceso a los recursos y su control.<\/strong><\/div><br \/>\n<div  class='one_half last_column'><img loading=\"lazy\" decoding=\"async\" src=\"\/app\/uploads\/2022\/06\/covid-relief-fund.png\" alt=\"Banner gr\u00e1fico del Fondo de Ayuda de Covid en la p\u00e1gina de programas del DHDC\" width=\"1327\" height=\"746\" class=\"alignnone\"><\/div><\/div><\/p>\n<div class=\"callout \"><p>Tambi\u00e9n hemos incorporado <strong>el compromiso centrado en la curaci\u00f3n<\/strong> en contraposici\u00f3n a la pr\u00e1ctica informada por el trauma. Un enfoque centrado en la curaci\u00f3n es hol\u00edstico e incluye la cultura, la espiritualidad, la acci\u00f3n c\u00edvica y la curaci\u00f3n colectiva. Un enfoque centrado en la curaci\u00f3n considera el trauma no simplemente como una experiencia individual aislada, sino que destaca las formas en que el trauma y la curaci\u00f3n se experimentan colectivamente. El t\u00e9rmino compromiso centrado en la curaci\u00f3n ampl\u00eda la forma en que pensamos sobre las respuestas al trauma y ofrece un enfoque m\u00e1s hol\u00edstico para fomentar el bienestar. La HCE se basa en la fuerza, promueve una visi\u00f3n colectiva de la curaci\u00f3n y vuelve a centrar la cultura como elemento central del bienestar. DHDC tiene una amplia gama de servicios integrados en otros departamentos que crean un continuo de atenci\u00f3n y un camino hacia la autodeterminaci\u00f3n. Entre ellas se encuentran:<\/p>\n<\/div>\n<div class=\"callout bg-transparent left-align\"><p><div class='columns-wrapper '><div  class='two_third  first_column'><h3>Programas para j\u00f3venes (extraescolares y de verano)<\/h3>\n<p>Atiende a 400 j\u00f3venes al a\u00f1o de entre 5 y 24 a\u00f1os e incluye programas STEAM, rob\u00f3tica, desarrollo juvenil, trauma y curaci\u00f3n, producci\u00f3n musical y de v\u00eddeo, empleo juvenil de verano, tutor\u00eda, exploraci\u00f3n de carreras, transporte y alimentaci\u00f3n. Tambi\u00e9n hemos puesto en marcha un programa de doble matr\u00edcula para estudiantes de secundaria que recibir\u00e1n cr\u00e9ditos de su escuela de origen, as\u00ed como de la Universidad Tecnol\u00f3gica de Michigan en Programaci\u00f3n Inform\u00e1tica.<\/p><\/div><div  class='one_third last_column'><img loading=\"lazy\" decoding=\"async\" src=\"\/app\/uploads\/2022\/06\/youth-programs.jpg\" alt=\"Programas Juveniles con tres adolescentes en ordenadores de sobremesa\" width=\"1600\" height=\"1200\" class=\"alignnone\"><\/div><\/div><\/p>\n<\/div><div class=\"callout left-align\"><p><div class='columns-wrapper '><div  class='two_third  first_column'><h3>Adultos, CVI y Familia<\/h3>\n<p>Los servicios incluyen educaci\u00f3n para adultos, asesoramiento sobre vivienda, eliminaci\u00f3n de tatuajes, servicios de reinserci\u00f3n, crianza de los hijos, desarrollo de la primera infancia y apoyo a proveedores informales de cuidado de ni\u00f1os.<\/p><\/div><div  class='one_third last_column'><img loading=\"lazy\" decoding=\"async\" src=\"\/app\/uploads\/2022\/06\/diaper-drive.jpg\" alt=\"Un grupo de voluntarios se hace una foto en un mitin\" width=\"1280\" height=\"720\" class=\"alignnone\"><\/div><\/div><\/p>\n<\/div>\n<div class=\"callout bg-transparent left-align\"><p><div class='columns-wrapper '><div  class='two_third  first_column'><h3>Organizaci\u00f3n y defensa de la comunidad<\/h3>\n<p>Apoyo en cuestiones como inmigraci\u00f3n, educaci\u00f3n, justicia medioambiental y desarrollo equitativo. Esto incluye tambi\u00e9n la concesi\u00f3n de subvenciones t\u00e9cnicas y de peque\u00f1a cuant\u00eda a otras organizaciones dirigidas por latinos, que trabajan colectivamente en todo el estado de Michigan.<\/p><\/div><br \/>\n<div  class='one_third last_column'><img loading=\"lazy\" decoding=\"async\" src=\"\/app\/uploads\/2022\/06\/community-organizing-scaled.jpg\" alt=\"Organizaci\u00f3n comunitaria durante uno de los actos anuales del DHDC\" width=\"2560\" height=\"1920\" class=\"alignnone\"><\/div><\/div><\/p>\n<\/div>\n<\/div>","protected":false},"excerpt":{"rendered":"","protected":false},"author":24,"featured_media":0,"parent":0,"menu_order":0,"comment_status":"closed","ping_status":"closed","template":"","meta":{"footnotes":""},"class_list":{"1":"page","2":"type-page"},"featured_image_src":null,"yoast_head":"<!-- This site is optimized with the Yoast SEO plugin v27.4 - https:\/\/yoast.com\/product\/yoast-seo-wordpress\/ -->\n<title>Programas del DHDC para capacitar a la comunidad del suroeste de Detroit<\/title>\n<meta name=\"description\" content=\"Inf\u00f3rmese sobre los programas que ofrece el DHDC para todas las edades, incluidas las opciones extraescolares y de verano para j\u00f3venes, junto con las opciones para adultos y familias.\" \/>\n<meta name=\"robots\" content=\"index, follow, max-snippet:-1, max-image-preview:large, max-video-preview:-1\" \/>\n<link rel=\"canonical\" href=\"https:\/\/www.dhdc1.org\/es\/programas\/\" \/>\n<meta name=\"twitter:label1\" content=\"Est. reading time\" \/>\n\t<meta name=\"twitter:data1\" content=\"3 minutes\" \/>\n<script type=\"application\/ld+json\" class=\"yoast-schema-graph\">{\"@context\":\"https:\\\/\\\/schema.org\",\"@graph\":[{\"@type\":\"WebPage\",\"@id\":\"https:\\\/\\\/www.dhdc1.org\\\/es\\\/programas\\\/\",\"url\":\"https:\\\/\\\/www.dhdc1.org\\\/es\\\/programas\\\/\",\"name\":\"Programas del DHDC para capacitar a la comunidad del suroeste de Detroit\",\"isPartOf\":{\"@id\":\"https:\\\/\\\/www.dhdc1.org\\\/es\\\/#website\"},\"datePublished\":\"2022-06-13T19:13:55+00:00\",\"dateModified\":\"2024-02-12T18:05:03+00:00\",\"description\":\"Inf\u00f3rmese sobre los programas que ofrece el DHDC para todas las edades, incluidas las opciones extraescolares y de verano para j\u00f3venes, junto con las opciones para adultos y familias.\",\"breadcrumb\":{\"@id\":\"https:\\\/\\\/www.dhdc1.org\\\/es\\\/programas\\\/#breadcrumb\"},\"inLanguage\":\"es-ES\",\"potentialAction\":[{\"@type\":\"ReadAction\",\"target\":[\"https:\\\/\\\/www.dhdc1.org\\\/es\\\/programas\\\/\"]}]},{\"@type\":\"BreadcrumbList\",\"@id\":\"https:\\\/\\\/www.dhdc1.org\\\/es\\\/programas\\\/#breadcrumb\",\"itemListElement\":[{\"@type\":\"ListItem\",\"position\":1,\"name\":\"Home\",\"item\":\"https:\\\/\\\/www.dhdc1.org\\\/es\\\/inicio\\\/\"},{\"@type\":\"ListItem\",\"position\":2,\"name\":\"Programas\"}]},{\"@type\":\"WebSite\",\"@id\":\"https:\\\/\\\/www.dhdc1.org\\\/es\\\/#website\",\"url\":\"https:\\\/\\\/www.dhdc1.org\\\/es\\\/\",\"name\":\"Detroit Hispanic Development Corporation\",\"description\":\"Creating life changing opportunities for youth and their families\",\"publisher\":{\"@id\":\"https:\\\/\\\/www.dhdc1.org\\\/es\\\/#organization\"},\"potentialAction\":[{\"@type\":\"SearchAction\",\"target\":{\"@type\":\"EntryPoint\",\"urlTemplate\":\"https:\\\/\\\/www.dhdc1.org\\\/es\\\/?s={search_term_string}\"},\"query-input\":{\"@type\":\"PropertyValueSpecification\",\"valueRequired\":true,\"valueName\":\"search_term_string\"}}],\"inLanguage\":\"es-ES\"},{\"@type\":\"Organization\",\"@id\":\"https:\\\/\\\/www.dhdc1.org\\\/es\\\/#organization\",\"name\":\"Detroit Hispanic Development Corporation\",\"url\":\"https:\\\/\\\/www.dhdc1.org\\\/es\\\/\",\"logo\":{\"@type\":\"ImageObject\",\"inLanguage\":\"es-ES\",\"@id\":\"https:\\\/\\\/www.dhdc1.org\\\/es\\\/#\\\/schema\\\/logo\\\/image\\\/\",\"url\":\"https:\\\/\\\/www.dhdc1.org\\\/app\\\/uploads\\\/2022\\\/06\\\/dhdc-logo-1.png\",\"contentUrl\":\"https:\\\/\\\/www.dhdc1.org\\\/app\\\/uploads\\\/2022\\\/06\\\/dhdc-logo-1.png\",\"width\":512,\"height\":242,\"caption\":\"Detroit Hispanic Development Corporation\"},\"image\":{\"@id\":\"https:\\\/\\\/www.dhdc1.org\\\/es\\\/#\\\/schema\\\/logo\\\/image\\\/\"},\"sameAs\":[\"https:\\\/\\\/www.facebook.com\\\/AmoDHDC\\\/\",\"https:\\\/\\\/x.com\\\/dhdc1\",\"https:\\\/\\\/www.linkedin.com\\\/company\\\/detroit-hispanic-development-corporation\\\/\",\"https:\\\/\\\/www.instagram.com\\\/amodhdc\\\/\"]}]}<\/script>\n<!-- \/ Yoast SEO plugin. -->","yoast_head_json":{"title":"Programas del DHDC para capacitar a la comunidad del suroeste de Detroit","description":"Inf\u00f3rmese sobre los programas que ofrece el DHDC para todas las edades, incluidas las opciones extraescolares y de verano para j\u00f3venes, junto con las opciones para adultos y familias.","robots":{"index":"index","follow":"follow","max-snippet":"max-snippet:-1","max-image-preview":"max-image-preview:large","max-video-preview":"max-video-preview:-1"},"canonical":"https:\/\/www.dhdc1.org\/es\/programas\/","twitter_misc":{"Est. reading time":"3 minutes"},"schema":{"@context":"https:\/\/schema.org","@graph":[{"@type":"WebPage","@id":"https:\/\/www.dhdc1.org\/es\/programas\/","url":"https:\/\/www.dhdc1.org\/es\/programas\/","name":"Programas del DHDC para capacitar a la comunidad del suroeste de Detroit","isPartOf":{"@id":"https:\/\/www.dhdc1.org\/es\/#website"},"datePublished":"2022-06-13T19:13:55+00:00","dateModified":"2024-02-12T18:05:03+00:00","description":"Inf\u00f3rmese sobre los programas que ofrece el DHDC para todas las edades, incluidas las opciones extraescolares y de verano para j\u00f3venes, junto con las opciones para adultos y familias.","breadcrumb":{"@id":"https:\/\/www.dhdc1.org\/es\/programas\/#breadcrumb"},"inLanguage":"es-ES","potentialAction":[{"@type":"ReadAction","target":["https:\/\/www.dhdc1.org\/es\/programas\/"]}]},{"@type":"BreadcrumbList","@id":"https:\/\/www.dhdc1.org\/es\/programas\/#breadcrumb","itemListElement":[{"@type":"ListItem","position":1,"name":"Home","item":"https:\/\/www.dhdc1.org\/es\/inicio\/"},{"@type":"ListItem","position":2,"name":"Programas"}]},{"@type":"WebSite","@id":"https:\/\/www.dhdc1.org\/es\/#website","url":"https:\/\/www.dhdc1.org\/es\/","name":"Detroit Hispanic Development Corporation","description":"Creating life changing opportunities for youth and their families","publisher":{"@id":"https:\/\/www.dhdc1.org\/es\/#organization"},"potentialAction":[{"@type":"SearchAction","target":{"@type":"EntryPoint","urlTemplate":"https:\/\/www.dhdc1.org\/es\/?s={search_term_string}"},"query-input":{"@type":"PropertyValueSpecification","valueRequired":true,"valueName":"search_term_string"}}],"inLanguage":"es-ES"},{"@type":"Organization","@id":"https:\/\/www.dhdc1.org\/es\/#organization","name":"Detroit Hispanic Development Corporation","url":"https:\/\/www.dhdc1.org\/es\/","logo":{"@type":"ImageObject","inLanguage":"es-ES","@id":"https:\/\/www.dhdc1.org\/es\/#\/schema\/logo\/image\/","url":"https:\/\/www.dhdc1.org\/app\/uploads\/2022\/06\/dhdc-logo-1.png","contentUrl":"https:\/\/www.dhdc1.org\/app\/uploads\/2022\/06\/dhdc-logo-1.png","width":512,"height":242,"caption":"Detroit Hispanic Development Corporation"},"image":{"@id":"https:\/\/www.dhdc1.org\/es\/#\/schema\/logo\/image\/"},"sameAs":["https:\/\/www.facebook.com\/AmoDHDC\/","https:\/\/x.com\/dhdc1","https:\/\/www.linkedin.com\/company\/detroit-hispanic-development-corporation\/","https:\/\/www.instagram.com\/amodhdc\/"]}]}},"_links":{"self":[{"href":"https:\/\/www.dhdc1.org\/es\/wp-json\/wp\/v2\/pages\/3456","targetHints":{"allow":["GET"]}}],"collection":[{"href":"https:\/\/www.dhdc1.org\/es\/wp-json\/wp\/v2\/pages"}],"about":[{"href":"https:\/\/www.dhdc1.org\/es\/wp-json\/wp\/v2\/types\/page"}],"author":[{"embeddable":true,"href":"https:\/\/www.dhdc1.org\/es\/wp-json\/wp\/v2\/users\/24"}],"replies":[{"embeddable":true,"href":"https:\/\/www.dhdc1.org\/es\/wp-json\/wp\/v2\/comments?post=3456"}],"version-history":[{"count":1,"href":"https:\/\/www.dhdc1.org\/es\/wp-json\/wp\/v2\/pages\/3456\/revisions"}],"predecessor-version":[{"id":3521,"href":"https:\/\/www.dhdc1.org\/es\/wp-json\/wp\/v2\/pages\/3456\/revisions\/3521"}],"wp:attachment":[{"href":"https:\/\/www.dhdc1.org\/es\/wp-json\/wp\/v2\/media?parent=3456"}],"curies":[{"name":"wp","href":"https:\/\/api.w.org\/{rel}","templated":true}]}}