{"id":3468,"date":"2022-06-15T16:55:11","date_gmt":"2022-06-15T20:55:11","guid":{"rendered":"https:\/\/www.dhdc1.org\/programas\/desarrollo-de-la-juventud\/"},"modified":"2024-09-26T14:36:03","modified_gmt":"2024-09-26T18:36:03","slug":"desarrollo-de-la-juventud","status":"publish","type":"page","link":"https:\/\/www.dhdc1.org\/es\/programas\/desarrollo-de-la-juventud\/","title":{"rendered":"Desarrollo de la juventud"},"content":{"rendered":"<div class=\"entry-content\"><h2>PROGRAMAS DE DESARROLLO JUVENIL DEL DHDC<\/h2>\n<p>  Los programas de desarrollo juvenil se imparten durante todo el a\u00f1o para j\u00f3venes de 5 a 24 a\u00f1os. A los j\u00f3venes que viven en el suroeste de Detroit se les proporciona transporte de ida y vuelta a nuestro centro.  <div class='columns-wrapper '><div  class='two_third  first_column'><h3>I. Desarrollo de la juventud<\/h3>\n<h4>Programa de Educaci\u00f3n Juvenil<\/h4>\n<p>  El DHDC ofrece programas educativos para j\u00f3venes de K-12 dentro de la zona de impacto de Michigan Central. DHDC envuelve un marco de desarrollo juvenil alrededor del componente STEM de nuestro programa, incluyendo oportunidades para la curaci\u00f3n del trauma. Este programa proporciona servicios de apoyo y tutor\u00eda a los participantes durante la educaci\u00f3n primaria y secundaria hasta que se grad\u00faan y acceden a la educaci\u00f3n postsecundaria.<\/div><div  class='one_third last_column'><img loading=\"lazy\" decoding=\"async\" src=\"\/app\/uploads\/2022\/06\/kids-w-swag-bags-scaled.jpg\" alt=\"Bolsas de sierra con ni\u00f1os y adolescentes sosteni\u00e9ndolas detr\u00e1s del infame mural del DHDC | Programas de desarrollo juvenil\" width=\"2560\" height=\"1920\" class=\"alignnone\"><\/div><\/div><\/p>\n<div class='columns-wrapper '><div  class='two_third  first_column'><h4>Academia de Artes Urbanas<\/h4>\n<p>  Los j\u00f3venes crean arte, m\u00fasica y v\u00eddeo para contar sus historias. La conciencia cultural se entreteje en todo el programa, incluido el plan de estudios sobre los derechos de paso.  <\/p>\n<h4>Liderazgo juvenil<\/h4>\n<p>  Los j\u00f3venes crean arte, m\u00fasica y v\u00eddeo para contar sus historias. La conciencia cultural se entreteje en todo el programa, incluido el plan de estudios sobre los derechos de paso.<\/div>\n<div  class='one_third last_column'><img loading=\"lazy\" decoding=\"async\" src=\"\/app\/uploads\/2022\/06\/youth-development-art.jpg\" alt=\"Desarrollo del arte juvenil | Arte digital con un adolescente dibujando en una tableta inform\u00e1tica\" width=\"1080\" height=\"1079\" class=\"alignnone\"><\/div><\/div>\n<div class='columns-wrapper '><div  class='two_third last_column  first_column'><\/div><\/div>\n<p><a href=\"https:\/\/www.dhdc1.org\/es\/programas\/centro-tecnologico-para-adolescentes-best-buy\/\"><img loading=\"lazy\" decoding=\"async\" src=\"https:\/\/www.dhdc1.org\/app\/uploads\/2024\/09\/47370141611_2073edab26_b-600x338.jpg\" alt=\"\" width=\"600\" height=\"338\" class=\"aligncenter wp-image-4240 size-medium\" srcset=\"https:\/\/www.dhdc1.org\/app\/uploads\/2024\/09\/47370141611_2073edab26_b-600x338.jpg 600w, https:\/\/www.dhdc1.org\/app\/uploads\/2024\/09\/47370141611_2073edab26_b-768x432.jpg 768w, https:\/\/www.dhdc1.org\/app\/uploads\/2024\/09\/47370141611_2073edab26_b.jpg 1024w\" sizes=\"auto, (max-width: 600px) 100vw, 600px\" \/><\/a><\/p>\n<h2 style=\"text-align: center;\">Centro tecnol\u00f3gico para adolescentes Best Buy<\/h2>\n<div class=\"panel-content\">\n<h3 class=\"headline52 v-fw-bold v-text-tech-yellow v-m-top-s v-m-bottom-s\" style=\"text-align: center;\">Construir un futuro mejor<\/h3>\n<div class=\"body-copy-lg v-fw-regular v-text-pure-white\" style=\"text-align: center;\">Los Teen Tech Centers de Best Buy proporcionan acceso a la tecnolog\u00eda, formaci\u00f3n y tutor\u00eda a j\u00f3venes de comunidades desinvertidas. La Fundaci\u00f3n Best Buy est\u00e1 en v\u00edas de apoyar a 100 establecimientos para 2025.<\/div>\n<div class=\"dislaimer v-text-pure-white mt-200\" style=\"text-align: center;\">*Una iniciativa de la Fundaci\u00f3n Best Buy.<\/div>\n<div style=\"text-align: center;\"><a href=\"https:\/\/www.bestbuy.com\/site\/misc\/teen-tech-center\/pcmcat1530212400327.c?id=pcmcat1530212400327\">Centro tecnol\u00f3gico para adolescentes Best Buy<\/a><\/div>\n<\/div>\n<div><\/div>\n<div><\/div>\n<div>\n<p><iframe loading=\"lazy\" title=\"BBTTC Detroit\" width=\"500\" height=\"281\" src=\"https:\/\/www.youtube.com\/embed\/7vuJktXr1VM?feature=oembed\" frameborder=\"0\" allow=\"accelerometer; autoplay; clipboard-write; encrypted-media; gyroscope; picture-in-picture; web-share\" referrerpolicy=\"strict-origin-when-cross-origin\" allowfullscreen><\/iframe><\/p>\n<\/div>\n<p>&nbsp;<\/p>\n<h4>(Financiado por Best Buy y Clubhouse Network)<\/h4>\n<p>  El BBTTC es un &#8220;espacio maker&#8221; para proyectos pr\u00e1cticos como producci\u00f3n de v\u00eddeo, RV, estudio de m\u00fasica, impresi\u00f3n 3D y dise\u00f1o gr\u00e1fico.  &nbsp;<\/p>\n<p><img loading=\"lazy\" decoding=\"async\" src=\"\/app\/uploads\/2022\/06\/fellowship-youth.jpg\" alt=\"Youth Development | Fellowship J\u00f3venes en el Best Buy Teen Tech Center de DHDC\" width=\"408\" height=\"544\" class=\"alignleft\"><\/p>\n<h3 style=\"text-align: left;\"><strong>Liderazgo juvenil<\/strong><\/h3>\n<h4 style=\"text-align: left;\">(Financiado por la Fundaci\u00f3n de la Familia Erb y 482Forward)<\/h4>\n<p>&nbsp;  Los j\u00f3venes adquieren habilidades para participar en actividades de liderazgo y organizaci\u00f3n en torno a diversos temas, como la justicia medioambiental y la reforma educativa.  <\/p>\n<h3>II. Educaci\u00f3n STEM e itinerarios profesionales<\/h3>\n<h4>Caminos C2C: Clubhouse 2 Career (Financiado por Best Buy y Clubhouse Network)<\/h4>\n<p>  Los j\u00f3venes participan en talleres semanales sobre su itinerario C2C espec\u00edfico, preparaci\u00f3n para la universidad\/carrera, proyectos pr\u00e1cticos y pr\u00e1cticas de verano remuneradas.  <\/p>\n<h4>Centro de Ingenier\u00eda Rob\u00f3tica de Detroit (financiado por Ford Motor Co.)<\/h4>\n<p>  Los programas STEAM (Ciencia, Tecnolog\u00eda, Ingenier\u00eda, Artes y Matem\u00e1ticas) incluyen el centro de construcci\u00f3n de rob\u00f3tica RECD para 10 equipos FIRST Robotics apoyados por mentores.  <\/p>\n<h4>Acceso y \u00e9xito universitarios (financiado por Jacob Family Foundation y Detroit College Access Network)<\/h4>\n<p>&nbsp;<\/p>\n<p>&nbsp;  Este programa ayuda a los estudiantes a entrar y completar la educaci\u00f3n postsecundaria con gesti\u00f3n de casos y tutor\u00eda a lo largo de su \u00faltimo a\u00f1o en el instituto hasta la finalizaci\u00f3n de la universidad. Incluye sesiones informativas para padres y alumnos, visitas a universidades, ayuda para rellenar solicitudes y formularios de ayuda econ\u00f3mica, y apoyo continuo.  <img loading=\"lazy\" decoding=\"async\" src=\"\/app\/uploads\/2022\/06\/college-fair.jpg\" alt=\"Feria universitaria que tiene lugar y muestra la mesa para la Universidad de Kettering\" width=\"672\" height=\"504\" class=\"alignnone\"><img loading=\"lazy\" decoding=\"async\" src=\"\/app\/uploads\/2022\/06\/robotics-engineering-scaled.jpg\" alt=\"El equipo de rob\u00f3tica posa para una foto en una feria universitaria\" width=\"2560\" height=\"1920\" class=\"alignnone\">[\/]<\/p>\n<h4 class=\"text-center pt-xl\"><\/h4>\n<div class=\"callout \"><h3 style=\"text-align: center;\"><a href=\"https:\/\/forms.office.com\/pages\/responsepage.aspx?id=ftcSfwojCUG3GXsk9OozcptCrudgkwtKsTvSi94DGZRUQkpRQ0VPWlpDRk9DRU1CRUNHMzRMVEFQOC4u&amp;origin=QRCode&amp;route=shorturl\"><a href=\"https:\/\/forms.office.com\/pages\/responsepage.aspx?id=ftcSfwojCUG3GXsk9OozcptCrudgkwtKsTvSi94DGZRUQkpRQ0VPWlpDRk9DRU1CRUNHMzRMVEFQOC4u&amp;origin=QRCode&amp;route=shorturl\">Inscr\u00edbete aqu\u00ed <\/a> <\/a><\/h3>\n<h3 style=\"text-align: center;\"><a href=\"https:\/\/forms.office.com\/pages\/responsepage.aspx?id=ftcSfwojCUG3GXsk9OozcptCrudgkwtKsTvSi94DGZRUQkpRQ0VPWlpDRk9DRU1CRUNHMzRMVEFQOC4u&amp;origin=QRCode&amp;route=shorturl\"><a href=\"https:\/\/forms.office.com\/pages\/responsepage.aspx?id=ftcSfwojCUG3GXsk9OozcptCrudgkwtKsTvSi94DGZRUQkpRQ0VPWlpDRk9DRU1CRUNHMzRMVEFQOC4u&amp;origin=QRCode&amp;route=shorturl\">para el pr\u00f3ximo A\u00f1o Escolar<\/a><\/a><\/h3>\n<\/div>\n<p>&nbsp;<\/p>\n<p>&nbsp;<\/p>\n<\/div>","protected":false},"excerpt":{"rendered":"<p>PROGRAMAS DE DESARROLLO JUVENIL DEL DHDC Los programas de desarrollo juvenil se imparten durante todo el a\u00f1o para j\u00f3venes de 5 a 24 a\u00f1os. A los j\u00f3venes que viven en el suroeste de Detroit se les proporciona transporte de ida y vuelta a nuestro centro. Centro tecnol\u00f3gico para adolescentes Best Buy Construir un futuro mejor &hellip; <\/p>\n","protected":false},"author":24,"featured_media":3380,"parent":3456,"menu_order":3,"comment_status":"closed","ping_status":"closed","template":"","meta":{"footnotes":""},"class_list":{"1":"page","2":"type-page"},"featured_image_src":"https:\/\/www.dhdc1.org\/app\/uploads\/2022\/06\/youth-development-banner.jpg","yoast_head":"<!-- This site is optimized with the Yoast SEO plugin v27.4 - https:\/\/yoast.com\/product\/yoast-seo-wordpress\/ -->\n<title>Programas de desarrollo juvenil en Detroit Hispanic Development Corp.<\/title>\n<meta name=\"description\" content=\"Nuestros programas de desarrollo juvenil se imparten durante todo el a\u00f1o para j\u00f3venes de 5 a 24 a\u00f1os. Transporte de ida y vuelta a nuestro centro para los j\u00f3venes de la zona. M\u00e1s informaci\u00f3n.\" \/>\n<meta name=\"robots\" content=\"index, follow, max-snippet:-1, max-image-preview:large, max-video-preview:-1\" \/>\n<link rel=\"canonical\" href=\"https:\/\/www.dhdc1.org\/es\/programas\/desarrollo-de-la-juventud\/\" \/>\n<meta name=\"twitter:label1\" content=\"Est. reading time\" \/>\n\t<meta name=\"twitter:data1\" content=\"3 minutes\" \/>\n<script type=\"application\/ld+json\" class=\"yoast-schema-graph\">{\"@context\":\"https:\\\/\\\/schema.org\",\"@graph\":[{\"@type\":\"WebPage\",\"@id\":\"https:\\\/\\\/www.dhdc1.org\\\/es\\\/programas\\\/desarrollo-de-la-juventud\\\/\",\"url\":\"https:\\\/\\\/www.dhdc1.org\\\/es\\\/programas\\\/desarrollo-de-la-juventud\\\/\",\"name\":\"Programas de desarrollo juvenil en Detroit Hispanic Development Corp.\",\"isPartOf\":{\"@id\":\"https:\\\/\\\/www.dhdc1.org\\\/es\\\/#website\"},\"primaryImageOfPage\":{\"@id\":\"https:\\\/\\\/www.dhdc1.org\\\/es\\\/programas\\\/desarrollo-de-la-juventud\\\/#primaryimage\"},\"image\":{\"@id\":\"https:\\\/\\\/www.dhdc1.org\\\/es\\\/programas\\\/desarrollo-de-la-juventud\\\/#primaryimage\"},\"thumbnailUrl\":\"https:\\\/\\\/www.dhdc1.org\\\/app\\\/uploads\\\/2022\\\/06\\\/youth-development-banner.jpg\",\"datePublished\":\"2022-06-15T20:55:11+00:00\",\"dateModified\":\"2024-09-26T18:36:03+00:00\",\"description\":\"Nuestros programas de desarrollo juvenil se imparten durante todo el a\u00f1o para j\u00f3venes de 5 a 24 a\u00f1os. Transporte de ida y vuelta a nuestro centro para los j\u00f3venes de la zona. M\u00e1s informaci\u00f3n.\",\"breadcrumb\":{\"@id\":\"https:\\\/\\\/www.dhdc1.org\\\/es\\\/programas\\\/desarrollo-de-la-juventud\\\/#breadcrumb\"},\"inLanguage\":\"es-ES\",\"potentialAction\":[{\"@type\":\"ReadAction\",\"target\":[\"https:\\\/\\\/www.dhdc1.org\\\/es\\\/programas\\\/desarrollo-de-la-juventud\\\/\"]}]},{\"@type\":\"ImageObject\",\"inLanguage\":\"es-ES\",\"@id\":\"https:\\\/\\\/www.dhdc1.org\\\/es\\\/programas\\\/desarrollo-de-la-juventud\\\/#primaryimage\",\"url\":\"https:\\\/\\\/www.dhdc1.org\\\/app\\\/uploads\\\/2022\\\/06\\\/youth-development-banner.jpg\",\"contentUrl\":\"https:\\\/\\\/www.dhdc1.org\\\/app\\\/uploads\\\/2022\\\/06\\\/youth-development-banner.jpg\",\"width\":2048,\"height\":1536},{\"@type\":\"BreadcrumbList\",\"@id\":\"https:\\\/\\\/www.dhdc1.org\\\/es\\\/programas\\\/desarrollo-de-la-juventud\\\/#breadcrumb\",\"itemListElement\":[{\"@type\":\"ListItem\",\"position\":1,\"name\":\"Home\",\"item\":\"https:\\\/\\\/www.dhdc1.org\\\/es\\\/inicio\\\/\"},{\"@type\":\"ListItem\",\"position\":2,\"name\":\"Programas\",\"item\":\"https:\\\/\\\/www.dhdc1.org\\\/es\\\/programas\\\/\"},{\"@type\":\"ListItem\",\"position\":3,\"name\":\"Desarrollo de la juventud\"}]},{\"@type\":\"WebSite\",\"@id\":\"https:\\\/\\\/www.dhdc1.org\\\/es\\\/#website\",\"url\":\"https:\\\/\\\/www.dhdc1.org\\\/es\\\/\",\"name\":\"Detroit Hispanic Development Corporation\",\"description\":\"Creating life changing opportunities for youth and their families\",\"publisher\":{\"@id\":\"https:\\\/\\\/www.dhdc1.org\\\/es\\\/#organization\"},\"potentialAction\":[{\"@type\":\"SearchAction\",\"target\":{\"@type\":\"EntryPoint\",\"urlTemplate\":\"https:\\\/\\\/www.dhdc1.org\\\/es\\\/?s={search_term_string}\"},\"query-input\":{\"@type\":\"PropertyValueSpecification\",\"valueRequired\":true,\"valueName\":\"search_term_string\"}}],\"inLanguage\":\"es-ES\"},{\"@type\":\"Organization\",\"@id\":\"https:\\\/\\\/www.dhdc1.org\\\/es\\\/#organization\",\"name\":\"Detroit Hispanic Development Corporation\",\"url\":\"https:\\\/\\\/www.dhdc1.org\\\/es\\\/\",\"logo\":{\"@type\":\"ImageObject\",\"inLanguage\":\"es-ES\",\"@id\":\"https:\\\/\\\/www.dhdc1.org\\\/es\\\/#\\\/schema\\\/logo\\\/image\\\/\",\"url\":\"https:\\\/\\\/www.dhdc1.org\\\/app\\\/uploads\\\/2022\\\/06\\\/dhdc-logo-1.png\",\"contentUrl\":\"https:\\\/\\\/www.dhdc1.org\\\/app\\\/uploads\\\/2022\\\/06\\\/dhdc-logo-1.png\",\"width\":512,\"height\":242,\"caption\":\"Detroit Hispanic Development Corporation\"},\"image\":{\"@id\":\"https:\\\/\\\/www.dhdc1.org\\\/es\\\/#\\\/schema\\\/logo\\\/image\\\/\"},\"sameAs\":[\"https:\\\/\\\/www.facebook.com\\\/AmoDHDC\\\/\",\"https:\\\/\\\/x.com\\\/dhdc1\",\"https:\\\/\\\/www.linkedin.com\\\/company\\\/detroit-hispanic-development-corporation\\\/\",\"https:\\\/\\\/www.instagram.com\\\/amodhdc\\\/\"]}]}<\/script>\n<!-- \/ Yoast SEO plugin. -->","yoast_head_json":{"title":"Programas de desarrollo juvenil en Detroit Hispanic Development Corp.","description":"Nuestros programas de desarrollo juvenil se imparten durante todo el a\u00f1o para j\u00f3venes de 5 a 24 a\u00f1os. Transporte de ida y vuelta a nuestro centro para los j\u00f3venes de la zona. M\u00e1s informaci\u00f3n.","robots":{"index":"index","follow":"follow","max-snippet":"max-snippet:-1","max-image-preview":"max-image-preview:large","max-video-preview":"max-video-preview:-1"},"canonical":"https:\/\/www.dhdc1.org\/es\/programas\/desarrollo-de-la-juventud\/","twitter_misc":{"Est. reading time":"3 minutes"},"schema":{"@context":"https:\/\/schema.org","@graph":[{"@type":"WebPage","@id":"https:\/\/www.dhdc1.org\/es\/programas\/desarrollo-de-la-juventud\/","url":"https:\/\/www.dhdc1.org\/es\/programas\/desarrollo-de-la-juventud\/","name":"Programas de desarrollo juvenil en Detroit Hispanic Development Corp.","isPartOf":{"@id":"https:\/\/www.dhdc1.org\/es\/#website"},"primaryImageOfPage":{"@id":"https:\/\/www.dhdc1.org\/es\/programas\/desarrollo-de-la-juventud\/#primaryimage"},"image":{"@id":"https:\/\/www.dhdc1.org\/es\/programas\/desarrollo-de-la-juventud\/#primaryimage"},"thumbnailUrl":"https:\/\/www.dhdc1.org\/app\/uploads\/2022\/06\/youth-development-banner.jpg","datePublished":"2022-06-15T20:55:11+00:00","dateModified":"2024-09-26T18:36:03+00:00","description":"Nuestros programas de desarrollo juvenil se imparten durante todo el a\u00f1o para j\u00f3venes de 5 a 24 a\u00f1os. Transporte de ida y vuelta a nuestro centro para los j\u00f3venes de la zona. M\u00e1s informaci\u00f3n.","breadcrumb":{"@id":"https:\/\/www.dhdc1.org\/es\/programas\/desarrollo-de-la-juventud\/#breadcrumb"},"inLanguage":"es-ES","potentialAction":[{"@type":"ReadAction","target":["https:\/\/www.dhdc1.org\/es\/programas\/desarrollo-de-la-juventud\/"]}]},{"@type":"ImageObject","inLanguage":"es-ES","@id":"https:\/\/www.dhdc1.org\/es\/programas\/desarrollo-de-la-juventud\/#primaryimage","url":"https:\/\/www.dhdc1.org\/app\/uploads\/2022\/06\/youth-development-banner.jpg","contentUrl":"https:\/\/www.dhdc1.org\/app\/uploads\/2022\/06\/youth-development-banner.jpg","width":2048,"height":1536},{"@type":"BreadcrumbList","@id":"https:\/\/www.dhdc1.org\/es\/programas\/desarrollo-de-la-juventud\/#breadcrumb","itemListElement":[{"@type":"ListItem","position":1,"name":"Home","item":"https:\/\/www.dhdc1.org\/es\/inicio\/"},{"@type":"ListItem","position":2,"name":"Programas","item":"https:\/\/www.dhdc1.org\/es\/programas\/"},{"@type":"ListItem","position":3,"name":"Desarrollo de la juventud"}]},{"@type":"WebSite","@id":"https:\/\/www.dhdc1.org\/es\/#website","url":"https:\/\/www.dhdc1.org\/es\/","name":"Detroit Hispanic Development Corporation","description":"Creating life changing opportunities for youth and their families","publisher":{"@id":"https:\/\/www.dhdc1.org\/es\/#organization"},"potentialAction":[{"@type":"SearchAction","target":{"@type":"EntryPoint","urlTemplate":"https:\/\/www.dhdc1.org\/es\/?s={search_term_string}"},"query-input":{"@type":"PropertyValueSpecification","valueRequired":true,"valueName":"search_term_string"}}],"inLanguage":"es-ES"},{"@type":"Organization","@id":"https:\/\/www.dhdc1.org\/es\/#organization","name":"Detroit Hispanic Development Corporation","url":"https:\/\/www.dhdc1.org\/es\/","logo":{"@type":"ImageObject","inLanguage":"es-ES","@id":"https:\/\/www.dhdc1.org\/es\/#\/schema\/logo\/image\/","url":"https:\/\/www.dhdc1.org\/app\/uploads\/2022\/06\/dhdc-logo-1.png","contentUrl":"https:\/\/www.dhdc1.org\/app\/uploads\/2022\/06\/dhdc-logo-1.png","width":512,"height":242,"caption":"Detroit Hispanic Development Corporation"},"image":{"@id":"https:\/\/www.dhdc1.org\/es\/#\/schema\/logo\/image\/"},"sameAs":["https:\/\/www.facebook.com\/AmoDHDC\/","https:\/\/x.com\/dhdc1","https:\/\/www.linkedin.com\/company\/detroit-hispanic-development-corporation\/","https:\/\/www.instagram.com\/amodhdc\/"]}]}},"_links":{"self":[{"href":"https:\/\/www.dhdc1.org\/es\/wp-json\/wp\/v2\/pages\/3468","targetHints":{"allow":["GET"]}}],"collection":[{"href":"https:\/\/www.dhdc1.org\/es\/wp-json\/wp\/v2\/pages"}],"about":[{"href":"https:\/\/www.dhdc1.org\/es\/wp-json\/wp\/v2\/types\/page"}],"author":[{"embeddable":true,"href":"https:\/\/www.dhdc1.org\/es\/wp-json\/wp\/v2\/users\/24"}],"replies":[{"embeddable":true,"href":"https:\/\/www.dhdc1.org\/es\/wp-json\/wp\/v2\/comments?post=3468"}],"version-history":[{"count":34,"href":"https:\/\/www.dhdc1.org\/es\/wp-json\/wp\/v2\/pages\/3468\/revisions"}],"predecessor-version":[{"id":4309,"href":"https:\/\/www.dhdc1.org\/es\/wp-json\/wp\/v2\/pages\/3468\/revisions\/4309"}],"up":[{"embeddable":true,"href":"https:\/\/www.dhdc1.org\/es\/wp-json\/wp\/v2\/pages\/3456"}],"wp:featuredmedia":[{"embeddable":true,"href":"https:\/\/www.dhdc1.org\/es\/wp-json\/wp\/v2\/media\/3380"}],"wp:attachment":[{"href":"https:\/\/www.dhdc1.org\/es\/wp-json\/wp\/v2\/media?parent=3468"}],"curies":[{"name":"wp","href":"https:\/\/api.w.org\/{rel}","templated":true}]}}