{"id":3469,"date":"2022-06-16T11:29:51","date_gmt":"2022-06-16T15:29:51","guid":{"rendered":"https:\/\/www.dhdc1.org\/programas\/organizacion-y-defensa-de-la-comunidad\/"},"modified":"2024-10-28T18:19:57","modified_gmt":"2024-10-28T22:19:57","slug":"organizacion-y-defensa-de-la-comunidad","status":"publish","type":"page","link":"https:\/\/www.dhdc1.org\/es\/programas\/organizacion-y-defensa-de-la-comunidad\/","title":{"rendered":"Organizaci\u00f3n y defensa de la comunidad"},"content":{"rendered":"<div class=\"entry-content\"><h2>DHDC ORGANIZACI\u00d3N Y DEFENSA DE LA COMUNIDAD<\/h2>\n<div class=\"x_elementToProof\"><b>El prop\u00f3sito del departamento de Organizaci\u00f3n Comunitaria y Defensa es concienciar, apoyar, aprovechar el poder colectivo y fortalecer a las comunidades latinas en todo Michigan, con un enfoque particular en el suroeste de Detroit, mediante la organizaci\u00f3n de actividades que construyan comunidad, aumenten el liderazgo local y movilicen a nuestra <i>gente<\/i> hacia la transformaci\u00f3n y la liberaci\u00f3n.  <\/b><\/div>\n<p>&nbsp;<\/p>\n<p class=\"h5\">Los programas se imparten durante todo el a\u00f1o, trabajando junto a miembros de nuestra comunidad para abordar problemas sist\u00e9micos y luchar por la justicia.<\/p>\n<div class=\"callout bg-transparent left-align\"><p><div class='columns-wrapper '><div  class='one_half  first_column'><\/div><\/p>\n<h3>PODER<\/h3>\n<p>Padres de alumnos, que luchan por la justicia ling\u00fc\u00edstica y educativa en el sistema escolar p\u00fablico de Detroit, junto con nuestra coalici\u00f3n en toda la ciudad, 482Forward.<\/p>\n<ul>\n<li>Autob\u00fas escolar para los alumnos de Cass.<\/li>\n<\/ul>\n<p><div  class='one_half'><\/div><\/p>\n<\/div>\n<h3>RAP\/PIF<\/h3>\n<p class=\"pb-md\">Proteger a las familias inmigrantes contra los efectos devastadores de la pol\u00edtica antiinmigraci\u00f3n y luchar por un cambio legislativo a escala federal, estatal y local.<\/p>\n<ul>\n<li>El programa Plan de Acci\u00f3n R\u00e1pida (RAP) funciona como un sistema de gesti\u00f3n de casos que garantiza que las familias tengan garant\u00edas en caso de deportaci\u00f3n.<\/li>\n<\/ul>\n<div  class='one_half last_column'><\/div><\/div>\n<p><img loading=\"lazy\" decoding=\"async\" src=\"https:\/\/www.dhdc1.org\/app\/uploads\/2024\/02\/0983baf4-12cc-4c69-a0a8-a2f9ad14db49-600x400.jpeg\" alt=\"\" width=\"600\" height=\"400\" class=\"alignleft wp-image-3902 size-medium\" srcset=\"https:\/\/www.dhdc1.org\/app\/uploads\/2024\/02\/0983baf4-12cc-4c69-a0a8-a2f9ad14db49-600x400.jpeg 600w, https:\/\/www.dhdc1.org\/app\/uploads\/2024\/02\/0983baf4-12cc-4c69-a0a8-a2f9ad14db49-768x512.jpeg 768w, https:\/\/www.dhdc1.org\/app\/uploads\/2024\/02\/0983baf4-12cc-4c69-a0a8-a2f9ad14db49-1536x1023.jpeg 1536w, https:\/\/www.dhdc1.org\/app\/uploads\/2024\/02\/0983baf4-12cc-4c69-a0a8-a2f9ad14db49.jpeg 1959w\" sizes=\"auto, (max-width: 600px) 100vw, 600px\" \/><\/p>\n<h3><\/h3>\n<h3><\/h3>\n<h3><\/h3>\n<h3><\/h3>\n<h3><\/h3>\n<h3><\/h3>\n<p>&nbsp;<\/p>\n<h3>[\/]<div class=\"callout bg-white left-align\"><p><div class='columns-wrapper '><div  class='one_half  first_column'><\/div><\/h3>\n<h3>\n<\/div><div class=\"callout bg-white RIGHT-align\"><p><div  class='one_half'><\/div><\/h3>\n<p><img loading=\"lazy\" decoding=\"async\" src=\"https:\/\/www.dhdc1.org\/app\/uploads\/2024\/02\/Instituto-de-la-Comunidad-COA-600x400.jpg\" alt=\"\" width=\"600\" height=\"400\" class=\"size-medium wp-image-3908 alignright\" srcset=\"https:\/\/www.dhdc1.org\/app\/uploads\/2024\/02\/Instituto-de-la-Comunidad-COA-600x400.jpg 600w, https:\/\/www.dhdc1.org\/app\/uploads\/2024\/02\/Instituto-de-la-Comunidad-COA-2000x1333.jpg 2000w, https:\/\/www.dhdc1.org\/app\/uploads\/2024\/02\/Instituto-de-la-Comunidad-COA-768x512.jpg 768w, https:\/\/www.dhdc1.org\/app\/uploads\/2024\/02\/Instituto-de-la-Comunidad-COA-1536x1024.jpg 1536w, https:\/\/www.dhdc1.org\/app\/uploads\/2024\/02\/Instituto-de-la-Comunidad-COA-2048x1365.jpg 2048w\" sizes=\"auto, (max-width: 600px) 100vw, 600px\" \/><\/p>\n<h3><\/h3>\n<h3><\/h3>\n<h3><\/h3>\n<h3><\/h3>\n<h3><\/h3>\n<h3><\/h3>\n<h3><\/h3>\n<h3>\n<\/div><div  class='one_half last_column'><\/h3>\n<h3>Coalici\u00f3n Latinx de MI<\/h3>\n<p>Construir poder a trav\u00e9s de la unificaci\u00f3n como red estatal de organizaciones Latinx.<\/p>\n<ul>\n<li>La Coalici\u00f3n Latinx de Michigan se cre\u00f3 para que las organizaciones comunitarias latinas de Michigan pudieran coordinarse y actuar como una voz unificada a escala estatal.<\/li>\n<\/ul>\n<p>&nbsp;<\/p>\n<ul><\/ul><\/div><\/div><div class=\"callout bg-transparent left-align\"><p><div class='columns-wrapper '><div  class='one_half  first_column'><\/div><\/p>\n<h3>Salud p\u00fablica y justicia medioambiental<\/h3>\n<p>Reducir la contaminaci\u00f3n atmosf\u00e9rica mediante la investigaci\u00f3n, la formaci\u00f3n y la promoci\u00f3n.<\/p>\n<ul>\n<li>Academia de Investigaci\u00f3n en Salud Medioambiental.<\/li>\n<\/ul>\n<\/div><div  class='one_half last_column'><img loading=\"lazy\" decoding=\"async\" src=\"\/app\/uploads\/2022\/06\/lsfzJwWImrQCoNQi.jpg\" width=\"1440\" height=\"1078\" class=\"alignnone\" alt=\"Voluntarios ayudando en un acto | Organizaci\u00f3n y Defensa de la Comunidad\"><\/div><\/div>[\/]<div class=\"callout bg-white left-align\"><p><div class='columns-wrapper '><div  class='one_half  first_column'><\/div><img loading=\"lazy\" decoding=\"async\" src=\"\/app\/uploads\/2022\/06\/drivers-licenses-for-all.jpg\" alt=\"Permisos de conducir para todos | Concentraci\u00f3n en el suroeste de Detroit\" width=\"1944\" height=\"1094\" class=\"alignnone\"><\/p>\n<\/div><div  class='one_half last_column'><h3>GOTV, protecci\u00f3n electoral y trabajo democr\u00e1tico<\/h3>\n<p>Ampliar el electorado, educar y activar a los votantes y eliminar las disparidades en la participaci\u00f3n c\u00edvica.<\/p>\n<ul>\n<li>Salir a votar<\/li>\n<\/ul><\/div><\/div>[\/]<\/p>\n<h2 class=\"text-center pb-lg\">\u00bfC\u00d3MO LO HACE DHDC?<\/h2>\n<div style=\"display: flex; flex-wrap: wrap; gap: 30px; justify-content: center;\">\n<div class=\"card card--image\">\n<div class=\"card__header\">\n<h4 class=\"card__title\">Construcci\u00f3n de bases<\/h4>\n<\/div>\n<div class=\"card__body\">Reclutar y retener a miembros de la comunidad para que participen en la ejecuci\u00f3n de la labor de organizaci\u00f3n.<\/div>\n<\/div>\n<div class=\"card card--image\">\n<div class=\"card__header\">\n<h4 class=\"card__title\">Desarrollo del liderazgo<\/h4>\n<\/div>\n<div class=\"card__body\">Ampliar el an\u00e1lisis pol\u00edtico y las capacidades pr\u00e1cticas de los afiliados para construir la base y ganar campa\u00f1as.<\/div>\n<\/div>\n<div class=\"card card--image\">\n<div class=\"card__header\">\n<h4 class=\"card__title\">Asociaciones<\/h4>\n<\/div>\n<div class=\"card__body\">Trabajar en coalici\u00f3n con socios para lograr cambios en los sistemas y desarrollar una infraestructura organizativa a largo plazo.<\/div>\n<\/div>\n<div class=\"card card--image\">\n<div class=\"card__header\">\n<h4 class=\"card__title\"><span>Movilizaci\u00f3n<\/span><\/h4>\n<\/div>\n<div class=\"card__body\"><span>Coordinar oportunidades para que nuestra base pase a la acci\u00f3n con el fin de influir en las decisiones que afectan a su comunidad.<\/span><\/div>\n<\/div>\n<\/div>\n<\/div>","protected":false},"excerpt":{"rendered":"<p>DHDC ORGANIZACI\u00d3N Y DEFENSA DE LA COMUNIDAD El prop\u00f3sito del departamento de Organizaci\u00f3n Comunitaria y Defensa es concienciar, apoyar, aprovechar el poder colectivo y fortalecer a las comunidades latinas en todo Michigan, con un enfoque particular en el suroeste de Detroit, mediante la organizaci\u00f3n de actividades que construyan comunidad, aumenten el liderazgo local y movilicen &hellip; <\/p>\n","protected":false},"author":24,"featured_media":3881,"parent":3456,"menu_order":0,"comment_status":"closed","ping_status":"closed","template":"","meta":{"footnotes":""},"class_list":{"1":"page","2":"type-page"},"featured_image_src":"https:\/\/www.dhdc1.org\/app\/uploads\/2024\/02\/WhatsApp-Image-2024-02-02-at-14.43.21.jpeg","yoast_head":"<!-- This site is optimized with the Yoast SEO plugin v27.3 - https:\/\/yoast.com\/product\/yoast-seo-wordpress\/ -->\n<title>Organizaci\u00f3n y defensa de la comunidad en el Detroit Hispanic Develop. Corp.<\/title>\n<meta name=\"description\" content=\"Adem\u00e1s de los programas, durante todo el a\u00f1o se llevan a cabo actividades de organizaci\u00f3n y defensa de la comunidad para abordar problemas sist\u00e9micos y luchar por la justicia. M\u00e1s informaci\u00f3n.\" \/>\n<meta name=\"robots\" content=\"index, follow, max-snippet:-1, max-image-preview:large, max-video-preview:-1\" \/>\n<link rel=\"canonical\" href=\"https:\/\/www.dhdc1.org\/es\/programas\/organizacion-y-defensa-de-la-comunidad\/\" \/>\n<meta name=\"twitter:label1\" content=\"Est. reading time\" \/>\n\t<meta name=\"twitter:data1\" content=\"2 minutes\" \/>\n<script type=\"application\/ld+json\" class=\"yoast-schema-graph\">{\"@context\":\"https:\\\/\\\/schema.org\",\"@graph\":[{\"@type\":\"WebPage\",\"@id\":\"https:\\\/\\\/www.dhdc1.org\\\/es\\\/programas\\\/organizacion-y-defensa-de-la-comunidad\\\/\",\"url\":\"https:\\\/\\\/www.dhdc1.org\\\/es\\\/programas\\\/organizacion-y-defensa-de-la-comunidad\\\/\",\"name\":\"Organizaci\u00f3n y defensa de la comunidad en el Detroit Hispanic Develop. Corp.\",\"isPartOf\":{\"@id\":\"https:\\\/\\\/www.dhdc1.org\\\/es\\\/#website\"},\"primaryImageOfPage\":{\"@id\":\"https:\\\/\\\/www.dhdc1.org\\\/es\\\/programas\\\/organizacion-y-defensa-de-la-comunidad\\\/#primaryimage\"},\"image\":{\"@id\":\"https:\\\/\\\/www.dhdc1.org\\\/es\\\/programas\\\/organizacion-y-defensa-de-la-comunidad\\\/#primaryimage\"},\"thumbnailUrl\":\"https:\\\/\\\/www.dhdc1.org\\\/app\\\/uploads\\\/2024\\\/02\\\/WhatsApp-Image-2024-02-02-at-14.43.21.jpeg\",\"datePublished\":\"2022-06-16T15:29:51+00:00\",\"dateModified\":\"2024-10-28T22:19:57+00:00\",\"description\":\"Adem\u00e1s de los programas, durante todo el a\u00f1o se llevan a cabo actividades de organizaci\u00f3n y defensa de la comunidad para abordar problemas sist\u00e9micos y luchar por la justicia. M\u00e1s informaci\u00f3n.\",\"breadcrumb\":{\"@id\":\"https:\\\/\\\/www.dhdc1.org\\\/es\\\/programas\\\/organizacion-y-defensa-de-la-comunidad\\\/#breadcrumb\"},\"inLanguage\":\"es-ES\",\"potentialAction\":[{\"@type\":\"ReadAction\",\"target\":[\"https:\\\/\\\/www.dhdc1.org\\\/es\\\/programas\\\/organizacion-y-defensa-de-la-comunidad\\\/\"]}]},{\"@type\":\"ImageObject\",\"inLanguage\":\"es-ES\",\"@id\":\"https:\\\/\\\/www.dhdc1.org\\\/es\\\/programas\\\/organizacion-y-defensa-de-la-comunidad\\\/#primaryimage\",\"url\":\"https:\\\/\\\/www.dhdc1.org\\\/app\\\/uploads\\\/2024\\\/02\\\/WhatsApp-Image-2024-02-02-at-14.43.21.jpeg\",\"contentUrl\":\"https:\\\/\\\/www.dhdc1.org\\\/app\\\/uploads\\\/2024\\\/02\\\/WhatsApp-Image-2024-02-02-at-14.43.21.jpeg\",\"width\":1600,\"height\":1200},{\"@type\":\"BreadcrumbList\",\"@id\":\"https:\\\/\\\/www.dhdc1.org\\\/es\\\/programas\\\/organizacion-y-defensa-de-la-comunidad\\\/#breadcrumb\",\"itemListElement\":[{\"@type\":\"ListItem\",\"position\":1,\"name\":\"Home\",\"item\":\"https:\\\/\\\/www.dhdc1.org\\\/es\\\/inicio\\\/\"},{\"@type\":\"ListItem\",\"position\":2,\"name\":\"Programas\",\"item\":\"https:\\\/\\\/www.dhdc1.org\\\/es\\\/programas\\\/\"},{\"@type\":\"ListItem\",\"position\":3,\"name\":\"Organizaci\u00f3n y defensa de la comunidad\"}]},{\"@type\":\"WebSite\",\"@id\":\"https:\\\/\\\/www.dhdc1.org\\\/es\\\/#website\",\"url\":\"https:\\\/\\\/www.dhdc1.org\\\/es\\\/\",\"name\":\"Detroit Hispanic Development Corporation\",\"description\":\"Creating life changing opportunities for youth and their families\",\"publisher\":{\"@id\":\"https:\\\/\\\/www.dhdc1.org\\\/es\\\/#organization\"},\"potentialAction\":[{\"@type\":\"SearchAction\",\"target\":{\"@type\":\"EntryPoint\",\"urlTemplate\":\"https:\\\/\\\/www.dhdc1.org\\\/es\\\/?s={search_term_string}\"},\"query-input\":{\"@type\":\"PropertyValueSpecification\",\"valueRequired\":true,\"valueName\":\"search_term_string\"}}],\"inLanguage\":\"es-ES\"},{\"@type\":\"Organization\",\"@id\":\"https:\\\/\\\/www.dhdc1.org\\\/es\\\/#organization\",\"name\":\"Detroit Hispanic Development Corporation\",\"url\":\"https:\\\/\\\/www.dhdc1.org\\\/es\\\/\",\"logo\":{\"@type\":\"ImageObject\",\"inLanguage\":\"es-ES\",\"@id\":\"https:\\\/\\\/www.dhdc1.org\\\/es\\\/#\\\/schema\\\/logo\\\/image\\\/\",\"url\":\"https:\\\/\\\/www.dhdc1.org\\\/app\\\/uploads\\\/2022\\\/06\\\/dhdc-logo-1.png\",\"contentUrl\":\"https:\\\/\\\/www.dhdc1.org\\\/app\\\/uploads\\\/2022\\\/06\\\/dhdc-logo-1.png\",\"width\":512,\"height\":242,\"caption\":\"Detroit Hispanic Development Corporation\"},\"image\":{\"@id\":\"https:\\\/\\\/www.dhdc1.org\\\/es\\\/#\\\/schema\\\/logo\\\/image\\\/\"},\"sameAs\":[\"https:\\\/\\\/www.facebook.com\\\/AmoDHDC\\\/\",\"https:\\\/\\\/x.com\\\/dhdc1\",\"https:\\\/\\\/www.linkedin.com\\\/company\\\/detroit-hispanic-development-corporation\\\/\",\"https:\\\/\\\/www.instagram.com\\\/amodhdc\\\/\"]}]}<\/script>\n<!-- \/ Yoast SEO plugin. -->","yoast_head_json":{"title":"Organizaci\u00f3n y defensa de la comunidad en el Detroit Hispanic Develop. Corp.","description":"Adem\u00e1s de los programas, durante todo el a\u00f1o se llevan a cabo actividades de organizaci\u00f3n y defensa de la comunidad para abordar problemas sist\u00e9micos y luchar por la justicia. M\u00e1s informaci\u00f3n.","robots":{"index":"index","follow":"follow","max-snippet":"max-snippet:-1","max-image-preview":"max-image-preview:large","max-video-preview":"max-video-preview:-1"},"canonical":"https:\/\/www.dhdc1.org\/es\/programas\/organizacion-y-defensa-de-la-comunidad\/","twitter_misc":{"Est. reading time":"2 minutes"},"schema":{"@context":"https:\/\/schema.org","@graph":[{"@type":"WebPage","@id":"https:\/\/www.dhdc1.org\/es\/programas\/organizacion-y-defensa-de-la-comunidad\/","url":"https:\/\/www.dhdc1.org\/es\/programas\/organizacion-y-defensa-de-la-comunidad\/","name":"Organizaci\u00f3n y defensa de la comunidad en el Detroit Hispanic Develop. Corp.","isPartOf":{"@id":"https:\/\/www.dhdc1.org\/es\/#website"},"primaryImageOfPage":{"@id":"https:\/\/www.dhdc1.org\/es\/programas\/organizacion-y-defensa-de-la-comunidad\/#primaryimage"},"image":{"@id":"https:\/\/www.dhdc1.org\/es\/programas\/organizacion-y-defensa-de-la-comunidad\/#primaryimage"},"thumbnailUrl":"https:\/\/www.dhdc1.org\/app\/uploads\/2024\/02\/WhatsApp-Image-2024-02-02-at-14.43.21.jpeg","datePublished":"2022-06-16T15:29:51+00:00","dateModified":"2024-10-28T22:19:57+00:00","description":"Adem\u00e1s de los programas, durante todo el a\u00f1o se llevan a cabo actividades de organizaci\u00f3n y defensa de la comunidad para abordar problemas sist\u00e9micos y luchar por la justicia. M\u00e1s informaci\u00f3n.","breadcrumb":{"@id":"https:\/\/www.dhdc1.org\/es\/programas\/organizacion-y-defensa-de-la-comunidad\/#breadcrumb"},"inLanguage":"es-ES","potentialAction":[{"@type":"ReadAction","target":["https:\/\/www.dhdc1.org\/es\/programas\/organizacion-y-defensa-de-la-comunidad\/"]}]},{"@type":"ImageObject","inLanguage":"es-ES","@id":"https:\/\/www.dhdc1.org\/es\/programas\/organizacion-y-defensa-de-la-comunidad\/#primaryimage","url":"https:\/\/www.dhdc1.org\/app\/uploads\/2024\/02\/WhatsApp-Image-2024-02-02-at-14.43.21.jpeg","contentUrl":"https:\/\/www.dhdc1.org\/app\/uploads\/2024\/02\/WhatsApp-Image-2024-02-02-at-14.43.21.jpeg","width":1600,"height":1200},{"@type":"BreadcrumbList","@id":"https:\/\/www.dhdc1.org\/es\/programas\/organizacion-y-defensa-de-la-comunidad\/#breadcrumb","itemListElement":[{"@type":"ListItem","position":1,"name":"Home","item":"https:\/\/www.dhdc1.org\/es\/inicio\/"},{"@type":"ListItem","position":2,"name":"Programas","item":"https:\/\/www.dhdc1.org\/es\/programas\/"},{"@type":"ListItem","position":3,"name":"Organizaci\u00f3n y defensa de la comunidad"}]},{"@type":"WebSite","@id":"https:\/\/www.dhdc1.org\/es\/#website","url":"https:\/\/www.dhdc1.org\/es\/","name":"Detroit Hispanic Development Corporation","description":"Creating life changing opportunities for youth and their families","publisher":{"@id":"https:\/\/www.dhdc1.org\/es\/#organization"},"potentialAction":[{"@type":"SearchAction","target":{"@type":"EntryPoint","urlTemplate":"https:\/\/www.dhdc1.org\/es\/?s={search_term_string}"},"query-input":{"@type":"PropertyValueSpecification","valueRequired":true,"valueName":"search_term_string"}}],"inLanguage":"es-ES"},{"@type":"Organization","@id":"https:\/\/www.dhdc1.org\/es\/#organization","name":"Detroit Hispanic Development Corporation","url":"https:\/\/www.dhdc1.org\/es\/","logo":{"@type":"ImageObject","inLanguage":"es-ES","@id":"https:\/\/www.dhdc1.org\/es\/#\/schema\/logo\/image\/","url":"https:\/\/www.dhdc1.org\/app\/uploads\/2022\/06\/dhdc-logo-1.png","contentUrl":"https:\/\/www.dhdc1.org\/app\/uploads\/2022\/06\/dhdc-logo-1.png","width":512,"height":242,"caption":"Detroit Hispanic Development Corporation"},"image":{"@id":"https:\/\/www.dhdc1.org\/es\/#\/schema\/logo\/image\/"},"sameAs":["https:\/\/www.facebook.com\/AmoDHDC\/","https:\/\/x.com\/dhdc1","https:\/\/www.linkedin.com\/company\/detroit-hispanic-development-corporation\/","https:\/\/www.instagram.com\/amodhdc\/"]}]}},"_links":{"self":[{"href":"https:\/\/www.dhdc1.org\/es\/wp-json\/wp\/v2\/pages\/3469","targetHints":{"allow":["GET"]}}],"collection":[{"href":"https:\/\/www.dhdc1.org\/es\/wp-json\/wp\/v2\/pages"}],"about":[{"href":"https:\/\/www.dhdc1.org\/es\/wp-json\/wp\/v2\/types\/page"}],"author":[{"embeddable":true,"href":"https:\/\/www.dhdc1.org\/es\/wp-json\/wp\/v2\/users\/24"}],"replies":[{"embeddable":true,"href":"https:\/\/www.dhdc1.org\/es\/wp-json\/wp\/v2\/comments?post=3469"}],"version-history":[{"count":7,"href":"https:\/\/www.dhdc1.org\/es\/wp-json\/wp\/v2\/pages\/3469\/revisions"}],"predecessor-version":[{"id":4472,"href":"https:\/\/www.dhdc1.org\/es\/wp-json\/wp\/v2\/pages\/3469\/revisions\/4472"}],"up":[{"embeddable":true,"href":"https:\/\/www.dhdc1.org\/es\/wp-json\/wp\/v2\/pages\/3456"}],"wp:featuredmedia":[{"embeddable":true,"href":"https:\/\/www.dhdc1.org\/es\/wp-json\/wp\/v2\/media\/3881"}],"wp:attachment":[{"href":"https:\/\/www.dhdc1.org\/es\/wp-json\/wp\/v2\/media?parent=3469"}],"curies":[{"name":"wp","href":"https:\/\/api.w.org\/{rel}","templated":true}]}}