{"id":3472,"date":"2016-10-12T21:35:19","date_gmt":"2016-10-13T01:35:19","guid":{"rendered":"https:\/\/www.dhdc1.org\/blog\/"},"modified":"2023-04-27T11:17:00","modified_gmt":"2023-04-27T15:17:00","slug":"blog","status":"publish","type":"page","link":"https:\/\/www.dhdc1.org\/es\/blog\/","title":{"rendered":"Blog"},"content":{"rendered":"<div class=\"entry-content\"><\/div>","protected":false},"excerpt":{"rendered":"","protected":false},"author":11,"featured_media":0,"parent":0,"menu_order":0,"comment_status":"closed","ping_status":"closed","template":"","meta":{"footnotes":""},"class_list":{"1":"page","2":"type-page"},"featured_image_src":null,"yoast_head":"<!-- This site is optimized with the Yoast SEO plugin v27.3 - https:\/\/yoast.com\/product\/yoast-seo-wordpress\/ -->\n<title>DHDC Blog | Noticias y eventos de Detroit Hispanic Development Corp.<\/title>\n<meta name=\"description\" content=\"Obtenga m\u00e1s informaci\u00f3n sobre nuestros esfuerzos comunitarios en las \u00faltimas entradas del blog del DHDC, con noticias y eventos de SW Detroit para apoyar a lo largo del a\u00f1o.\" \/>\n<meta name=\"robots\" content=\"index, follow, max-snippet:-1, max-image-preview:large, max-video-preview:-1\" \/>\n<link rel=\"canonical\" href=\"https:\/\/www.dhdc1.org\/es\/blog\/\" \/>\n<script type=\"application\/ld+json\" class=\"yoast-schema-graph\">{\"@context\":\"https:\\\/\\\/schema.org\",\"@graph\":[{\"@type\":\"WebPage\",\"@id\":\"https:\\\/\\\/www.dhdc1.org\\\/es\\\/blog\\\/\",\"url\":\"https:\\\/\\\/www.dhdc1.org\\\/es\\\/blog\\\/\",\"name\":\"DHDC Blog | Noticias y eventos de Detroit Hispanic Development Corp.\",\"isPartOf\":{\"@id\":\"https:\\\/\\\/www.dhdc1.org\\\/es\\\/#website\"},\"datePublished\":\"2016-10-13T01:35:19+00:00\",\"dateModified\":\"2023-04-27T15:17:00+00:00\",\"description\":\"Obtenga m\u00e1s informaci\u00f3n sobre nuestros esfuerzos comunitarios en las \u00faltimas entradas del blog del DHDC, con noticias y eventos de SW Detroit para apoyar a lo largo del a\u00f1o.\",\"breadcrumb\":{\"@id\":\"https:\\\/\\\/www.dhdc1.org\\\/es\\\/blog\\\/#breadcrumb\"},\"inLanguage\":\"es-ES\",\"potentialAction\":[{\"@type\":\"ReadAction\",\"target\":[\"https:\\\/\\\/www.dhdc1.org\\\/es\\\/blog\\\/\"]}]},{\"@type\":\"BreadcrumbList\",\"@id\":\"https:\\\/\\\/www.dhdc1.org\\\/es\\\/blog\\\/#breadcrumb\",\"itemListElement\":[{\"@type\":\"ListItem\",\"position\":1,\"name\":\"Home\",\"item\":\"https:\\\/\\\/www.dhdc1.org\\\/es\\\/inicio\\\/\"},{\"@type\":\"ListItem\",\"position\":2,\"name\":\"Blog\"}]},{\"@type\":\"WebSite\",\"@id\":\"https:\\\/\\\/www.dhdc1.org\\\/es\\\/#website\",\"url\":\"https:\\\/\\\/www.dhdc1.org\\\/es\\\/\",\"name\":\"Detroit Hispanic Development Corporation\",\"description\":\"Creating life changing opportunities for youth and their families\",\"publisher\":{\"@id\":\"https:\\\/\\\/www.dhdc1.org\\\/es\\\/#organization\"},\"potentialAction\":[{\"@type\":\"SearchAction\",\"target\":{\"@type\":\"EntryPoint\",\"urlTemplate\":\"https:\\\/\\\/www.dhdc1.org\\\/es\\\/?s={search_term_string}\"},\"query-input\":{\"@type\":\"PropertyValueSpecification\",\"valueRequired\":true,\"valueName\":\"search_term_string\"}}],\"inLanguage\":\"es-ES\"},{\"@type\":\"Organization\",\"@id\":\"https:\\\/\\\/www.dhdc1.org\\\/es\\\/#organization\",\"name\":\"Detroit Hispanic Development Corporation\",\"url\":\"https:\\\/\\\/www.dhdc1.org\\\/es\\\/\",\"logo\":{\"@type\":\"ImageObject\",\"inLanguage\":\"es-ES\",\"@id\":\"https:\\\/\\\/www.dhdc1.org\\\/es\\\/#\\\/schema\\\/logo\\\/image\\\/\",\"url\":\"https:\\\/\\\/www.dhdc1.org\\\/app\\\/uploads\\\/2022\\\/06\\\/dhdc-logo-1.png\",\"contentUrl\":\"https:\\\/\\\/www.dhdc1.org\\\/app\\\/uploads\\\/2022\\\/06\\\/dhdc-logo-1.png\",\"width\":512,\"height\":242,\"caption\":\"Detroit Hispanic Development Corporation\"},\"image\":{\"@id\":\"https:\\\/\\\/www.dhdc1.org\\\/es\\\/#\\\/schema\\\/logo\\\/image\\\/\"},\"sameAs\":[\"https:\\\/\\\/www.facebook.com\\\/AmoDHDC\\\/\",\"https:\\\/\\\/x.com\\\/dhdc1\",\"https:\\\/\\\/www.linkedin.com\\\/company\\\/detroit-hispanic-development-corporation\\\/\",\"https:\\\/\\\/www.instagram.com\\\/amodhdc\\\/\"]}]}<\/script>\n<!-- \/ Yoast SEO plugin. -->","yoast_head_json":{"title":"DHDC Blog | Noticias y eventos de Detroit Hispanic Development Corp.","description":"Obtenga m\u00e1s informaci\u00f3n sobre nuestros esfuerzos comunitarios en las \u00faltimas entradas del blog del DHDC, con noticias y eventos de SW Detroit para apoyar a lo largo del a\u00f1o.","robots":{"index":"index","follow":"follow","max-snippet":"max-snippet:-1","max-image-preview":"max-image-preview:large","max-video-preview":"max-video-preview:-1"},"canonical":"https:\/\/www.dhdc1.org\/es\/blog\/","schema":{"@context":"https:\/\/schema.org","@graph":[{"@type":"WebPage","@id":"https:\/\/www.dhdc1.org\/es\/blog\/","url":"https:\/\/www.dhdc1.org\/es\/blog\/","name":"DHDC Blog | Noticias y eventos de Detroit Hispanic Development Corp.","isPartOf":{"@id":"https:\/\/www.dhdc1.org\/es\/#website"},"datePublished":"2016-10-13T01:35:19+00:00","dateModified":"2023-04-27T15:17:00+00:00","description":"Obtenga m\u00e1s informaci\u00f3n sobre nuestros esfuerzos comunitarios en las \u00faltimas entradas del blog del DHDC, con noticias y eventos de SW Detroit para apoyar a lo largo del a\u00f1o.","breadcrumb":{"@id":"https:\/\/www.dhdc1.org\/es\/blog\/#breadcrumb"},"inLanguage":"es-ES","potentialAction":[{"@type":"ReadAction","target":["https:\/\/www.dhdc1.org\/es\/blog\/"]}]},{"@type":"BreadcrumbList","@id":"https:\/\/www.dhdc1.org\/es\/blog\/#breadcrumb","itemListElement":[{"@type":"ListItem","position":1,"name":"Home","item":"https:\/\/www.dhdc1.org\/es\/inicio\/"},{"@type":"ListItem","position":2,"name":"Blog"}]},{"@type":"WebSite","@id":"https:\/\/www.dhdc1.org\/es\/#website","url":"https:\/\/www.dhdc1.org\/es\/","name":"Detroit Hispanic Development Corporation","description":"Creating life changing opportunities for youth and their families","publisher":{"@id":"https:\/\/www.dhdc1.org\/es\/#organization"},"potentialAction":[{"@type":"SearchAction","target":{"@type":"EntryPoint","urlTemplate":"https:\/\/www.dhdc1.org\/es\/?s={search_term_string}"},"query-input":{"@type":"PropertyValueSpecification","valueRequired":true,"valueName":"search_term_string"}}],"inLanguage":"es-ES"},{"@type":"Organization","@id":"https:\/\/www.dhdc1.org\/es\/#organization","name":"Detroit Hispanic Development Corporation","url":"https:\/\/www.dhdc1.org\/es\/","logo":{"@type":"ImageObject","inLanguage":"es-ES","@id":"https:\/\/www.dhdc1.org\/es\/#\/schema\/logo\/image\/","url":"https:\/\/www.dhdc1.org\/app\/uploads\/2022\/06\/dhdc-logo-1.png","contentUrl":"https:\/\/www.dhdc1.org\/app\/uploads\/2022\/06\/dhdc-logo-1.png","width":512,"height":242,"caption":"Detroit Hispanic Development Corporation"},"image":{"@id":"https:\/\/www.dhdc1.org\/es\/#\/schema\/logo\/image\/"},"sameAs":["https:\/\/www.facebook.com\/AmoDHDC\/","https:\/\/x.com\/dhdc1","https:\/\/www.linkedin.com\/company\/detroit-hispanic-development-corporation\/","https:\/\/www.instagram.com\/amodhdc\/"]}]}},"_links":{"self":[{"href":"https:\/\/www.dhdc1.org\/es\/wp-json\/wp\/v2\/pages\/3472","targetHints":{"allow":["GET"]}}],"collection":[{"href":"https:\/\/www.dhdc1.org\/es\/wp-json\/wp\/v2\/pages"}],"about":[{"href":"https:\/\/www.dhdc1.org\/es\/wp-json\/wp\/v2\/types\/page"}],"author":[{"embeddable":true,"href":"https:\/\/www.dhdc1.org\/es\/wp-json\/wp\/v2\/users\/11"}],"replies":[{"embeddable":true,"href":"https:\/\/www.dhdc1.org\/es\/wp-json\/wp\/v2\/comments?post=3472"}],"version-history":[{"count":1,"href":"https:\/\/www.dhdc1.org\/es\/wp-json\/wp\/v2\/pages\/3472\/revisions"}],"predecessor-version":[{"id":3481,"href":"https:\/\/www.dhdc1.org\/es\/wp-json\/wp\/v2\/pages\/3472\/revisions\/3481"}],"wp:attachment":[{"href":"https:\/\/www.dhdc1.org\/es\/wp-json\/wp\/v2\/media?parent=3472"}],"curies":[{"name":"wp","href":"https:\/\/api.w.org\/{rel}","templated":true}]}}