{"id":3490,"date":"2016-10-12T21:25:52","date_gmt":"2016-10-13T01:25:52","guid":{"rendered":"https:\/\/www.dhdc1.org\/inicio\/"},"modified":"2024-10-09T13:54:15","modified_gmt":"2024-10-09T17:54:15","slug":"inicio","status":"publish","type":"page","link":"https:\/\/www.dhdc1.org\/es\/","title":{"rendered":"Inicio"},"content":{"rendered":"<div class=\"entry-content\"><div class=\"cards grid lg:grid-cols-3\">\n<div class=\"card card--basic\" style=\"grid-column: 1\/3; justify-self: flex-start; max-width: unset; justify-content: flex-start;\">\n<div class=\"card__header\">\n<h3 class=\"card__title\"><span><small>Programas<\/small><\/span>PARA NI\u00d1OS Y FAMILIAS<\/h3>\n<p>Ofrecemos muchos programas para familias de todos los tama\u00f1os y edades:<\/p>\n<\/div>\n<div class=\"card__body grid md:grid-cols-2\">\n<div class=\"family-education\" style=\"width: 100%;\">\n<h5>Educaci\u00f3n familiar<\/h5>\n<ul>\n<li>Clases de ingl\u00e9s como segunda lengua (ESL)<\/li>\n<li>Clases para obtener el Diploma de Educaci\u00f3n General (GED)<\/li>\n<li>HUD Asesoramiento en materia de vivienda \/ Educaci\u00f3n financiera<\/li>\n<\/ul>\n<\/div>\n<div class=\"youth-program\" style=\"width: 100%;\">\n<h5>Programas para j\u00f3venes<\/h5>\n<ul>\n<li>Academia de Artes Urbanas<\/li>\n<li><span style=\"color: #000000;\"><a href=\"https:\/\/www.dhdc1.org\/es\/programas\/centro-tecnologico-para-adolescentes-best-buy\/\" style=\"color: #000000;\">Centro tecnol\u00f3gico para adolescentes Best Buy<\/a><\/span><\/li>\n<li>Programa de verano para j\u00f3venes<\/li>\n<li>Programa de Becas para J\u00f3venes Embajadores<\/li>\n<li>Centro de Rob\u00f3tica e Ingenier\u00eda de Detroit (RECD)<\/li>\n<\/ul>\n<p><a href=\"https:\/\/www.dhdc1.org\/es\/programas\/\" class=\"button secondary\">Ver programas<\/a><\/p>\n<\/div>\n<div class=\"family-services\" style=\"width: 100%;\">\n<h5>Servicios familiares<\/h5>\n<ul>\n<li>Padres Unidos<\/li>\n<li>Programa de verano para j\u00f3venes<\/li>\n<li>Programa de Padres Mentores<\/li>\n<li>Instituto de padres<\/li>\n<\/ul>\n<\/div>\n<\/div>\n<\/div>\n<div class=\"card card--basic\" style=\"justify-self: flex-start; max-width: unset; justify-content: flex-start;\">\n<div class=\"card__header\">\n<h3 class=\"card__title\"><span><small>Programas<\/small><\/span>Para adultos<\/h3>\n<p>Conozca nuestros programas de capacitaci\u00f3n de adultos:<\/p>\n<\/div>\n<div class=\"card__body grid md:grid-cols-1\">\n<div class=\"family-education\" style=\"width: 100%;\">\n<h5>Para adultos<\/h5>\n<ul>\n<li>Gesti\u00f3n de casos<\/li>\n<li>Programa de eliminaci\u00f3n de tatuajes Freedom Ink<\/li>\n<li>Iniciativa empresarial y creaci\u00f3n de riqueza<\/li>\n<\/ul>\n<p><a href=\"https:\/\/www.dhdc1.org\/es\/programas\/\" class=\"button secondary\">Ver programas<\/a><\/p>\n<\/div>\n<\/div>\n<\/div>\n<\/div>\n<\/div>","protected":false},"excerpt":{"rendered":"<p>ProgramasPARA NI\u00d1OS Y FAMILIAS Ofrecemos muchos programas para familias de todos los tama\u00f1os y edades: Educaci\u00f3n familiar Clases de ingl\u00e9s como segunda lengua (ESL) Clases para obtener el Diploma de Educaci\u00f3n General (GED) HUD Asesoramiento en materia de vivienda \/ Educaci\u00f3n financiera Programas para j\u00f3venes Academia de Artes Urbanas Centro tecnol\u00f3gico para adolescentes Best Buy &hellip; <\/p>\n","protected":false},"author":24,"featured_media":0,"parent":0,"menu_order":0,"comment_status":"closed","ping_status":"closed","template":"","meta":{"footnotes":""},"class_list":{"1":"page","2":"type-page"},"featured_image_src":null,"yoast_head":"<!-- This site is optimized with the Yoast SEO plugin v27.3 - https:\/\/yoast.com\/product\/yoast-seo-wordpress\/ -->\n<title>Detroit Hispanic Development Corporation | Comunidad latina en Detroit<\/title>\n<meta name=\"description\" content=\"Detroit Hispanic Development Corporation se basa en la misi\u00f3n de marcar la diferencia creando oportunidades que cambian la vida. M\u00e1s informaci\u00f3n.\" \/>\n<meta name=\"robots\" content=\"index, follow, max-snippet:-1, max-image-preview:large, max-video-preview:-1\" \/>\n<link rel=\"canonical\" href=\"https:\/\/www.dhdc1.org\/es\/\" \/>\n<meta name=\"twitter:label1\" content=\"Est. reading time\" \/>\n\t<meta name=\"twitter:data1\" content=\"1 minute\" \/>\n<script type=\"application\/ld+json\" class=\"yoast-schema-graph\">{\"@context\":\"https:\\\/\\\/schema.org\",\"@graph\":[{\"@type\":\"WebPage\",\"@id\":\"https:\\\/\\\/www.dhdc1.org\\\/es\\\/\",\"url\":\"https:\\\/\\\/www.dhdc1.org\\\/es\\\/\",\"name\":\"Detroit Hispanic Development Corporation | Comunidad latina en Detroit\",\"isPartOf\":{\"@id\":\"https:\\\/\\\/www.dhdc1.org\\\/es\\\/#website\"},\"datePublished\":\"2016-10-13T01:25:52+00:00\",\"dateModified\":\"2024-10-09T17:54:15+00:00\",\"description\":\"Detroit Hispanic Development Corporation se basa en la misi\u00f3n de marcar la diferencia creando oportunidades que cambian la vida. M\u00e1s informaci\u00f3n.\",\"breadcrumb\":{\"@id\":\"https:\\\/\\\/www.dhdc1.org\\\/es\\\/#breadcrumb\"},\"inLanguage\":\"es-ES\",\"potentialAction\":[{\"@type\":\"ReadAction\",\"target\":[\"https:\\\/\\\/www.dhdc1.org\\\/es\\\/\"]}]},{\"@type\":\"BreadcrumbList\",\"@id\":\"https:\\\/\\\/www.dhdc1.org\\\/es\\\/#breadcrumb\",\"itemListElement\":[{\"@type\":\"ListItem\",\"position\":1,\"name\":\"Home\",\"item\":\"https:\\\/\\\/www.dhdc1.org\\\/es\\\/inicio\\\/\"},{\"@type\":\"ListItem\",\"position\":2,\"name\":\"Inicio\"}]},{\"@type\":\"WebSite\",\"@id\":\"https:\\\/\\\/www.dhdc1.org\\\/es\\\/#website\",\"url\":\"https:\\\/\\\/www.dhdc1.org\\\/es\\\/\",\"name\":\"Detroit Hispanic Development Corporation\",\"description\":\"Creating life changing opportunities for youth and their families\",\"publisher\":{\"@id\":\"https:\\\/\\\/www.dhdc1.org\\\/es\\\/#organization\"},\"potentialAction\":[{\"@type\":\"SearchAction\",\"target\":{\"@type\":\"EntryPoint\",\"urlTemplate\":\"https:\\\/\\\/www.dhdc1.org\\\/es\\\/?s={search_term_string}\"},\"query-input\":{\"@type\":\"PropertyValueSpecification\",\"valueRequired\":true,\"valueName\":\"search_term_string\"}}],\"inLanguage\":\"es-ES\"},{\"@type\":\"Organization\",\"@id\":\"https:\\\/\\\/www.dhdc1.org\\\/es\\\/#organization\",\"name\":\"Detroit Hispanic Development Corporation\",\"url\":\"https:\\\/\\\/www.dhdc1.org\\\/es\\\/\",\"logo\":{\"@type\":\"ImageObject\",\"inLanguage\":\"es-ES\",\"@id\":\"https:\\\/\\\/www.dhdc1.org\\\/es\\\/#\\\/schema\\\/logo\\\/image\\\/\",\"url\":\"https:\\\/\\\/www.dhdc1.org\\\/app\\\/uploads\\\/2022\\\/06\\\/dhdc-logo-1.png\",\"contentUrl\":\"https:\\\/\\\/www.dhdc1.org\\\/app\\\/uploads\\\/2022\\\/06\\\/dhdc-logo-1.png\",\"width\":512,\"height\":242,\"caption\":\"Detroit Hispanic Development Corporation\"},\"image\":{\"@id\":\"https:\\\/\\\/www.dhdc1.org\\\/es\\\/#\\\/schema\\\/logo\\\/image\\\/\"},\"sameAs\":[\"https:\\\/\\\/www.facebook.com\\\/AmoDHDC\\\/\",\"https:\\\/\\\/x.com\\\/dhdc1\",\"https:\\\/\\\/www.linkedin.com\\\/company\\\/detroit-hispanic-development-corporation\\\/\",\"https:\\\/\\\/www.instagram.com\\\/amodhdc\\\/\"]}]}<\/script>\n<!-- \/ Yoast SEO plugin. -->","yoast_head_json":{"title":"Detroit Hispanic Development Corporation | Comunidad latina en Detroit","description":"Detroit Hispanic Development Corporation se basa en la misi\u00f3n de marcar la diferencia creando oportunidades que cambian la vida. M\u00e1s informaci\u00f3n.","robots":{"index":"index","follow":"follow","max-snippet":"max-snippet:-1","max-image-preview":"max-image-preview:large","max-video-preview":"max-video-preview:-1"},"canonical":"https:\/\/www.dhdc1.org\/es\/","twitter_misc":{"Est. reading time":"1 minute"},"schema":{"@context":"https:\/\/schema.org","@graph":[{"@type":"WebPage","@id":"https:\/\/www.dhdc1.org\/es\/","url":"https:\/\/www.dhdc1.org\/es\/","name":"Detroit Hispanic Development Corporation | Comunidad latina en Detroit","isPartOf":{"@id":"https:\/\/www.dhdc1.org\/es\/#website"},"datePublished":"2016-10-13T01:25:52+00:00","dateModified":"2024-10-09T17:54:15+00:00","description":"Detroit Hispanic Development Corporation se basa en la misi\u00f3n de marcar la diferencia creando oportunidades que cambian la vida. M\u00e1s informaci\u00f3n.","breadcrumb":{"@id":"https:\/\/www.dhdc1.org\/es\/#breadcrumb"},"inLanguage":"es-ES","potentialAction":[{"@type":"ReadAction","target":["https:\/\/www.dhdc1.org\/es\/"]}]},{"@type":"BreadcrumbList","@id":"https:\/\/www.dhdc1.org\/es\/#breadcrumb","itemListElement":[{"@type":"ListItem","position":1,"name":"Home","item":"https:\/\/www.dhdc1.org\/es\/inicio\/"},{"@type":"ListItem","position":2,"name":"Inicio"}]},{"@type":"WebSite","@id":"https:\/\/www.dhdc1.org\/es\/#website","url":"https:\/\/www.dhdc1.org\/es\/","name":"Detroit Hispanic Development Corporation","description":"Creating life changing opportunities for youth and their families","publisher":{"@id":"https:\/\/www.dhdc1.org\/es\/#organization"},"potentialAction":[{"@type":"SearchAction","target":{"@type":"EntryPoint","urlTemplate":"https:\/\/www.dhdc1.org\/es\/?s={search_term_string}"},"query-input":{"@type":"PropertyValueSpecification","valueRequired":true,"valueName":"search_term_string"}}],"inLanguage":"es-ES"},{"@type":"Organization","@id":"https:\/\/www.dhdc1.org\/es\/#organization","name":"Detroit Hispanic Development Corporation","url":"https:\/\/www.dhdc1.org\/es\/","logo":{"@type":"ImageObject","inLanguage":"es-ES","@id":"https:\/\/www.dhdc1.org\/es\/#\/schema\/logo\/image\/","url":"https:\/\/www.dhdc1.org\/app\/uploads\/2022\/06\/dhdc-logo-1.png","contentUrl":"https:\/\/www.dhdc1.org\/app\/uploads\/2022\/06\/dhdc-logo-1.png","width":512,"height":242,"caption":"Detroit Hispanic Development Corporation"},"image":{"@id":"https:\/\/www.dhdc1.org\/es\/#\/schema\/logo\/image\/"},"sameAs":["https:\/\/www.facebook.com\/AmoDHDC\/","https:\/\/x.com\/dhdc1","https:\/\/www.linkedin.com\/company\/detroit-hispanic-development-corporation\/","https:\/\/www.instagram.com\/amodhdc\/"]}]}},"_links":{"self":[{"href":"https:\/\/www.dhdc1.org\/es\/wp-json\/wp\/v2\/pages\/3490","targetHints":{"allow":["GET"]}}],"collection":[{"href":"https:\/\/www.dhdc1.org\/es\/wp-json\/wp\/v2\/pages"}],"about":[{"href":"https:\/\/www.dhdc1.org\/es\/wp-json\/wp\/v2\/types\/page"}],"author":[{"embeddable":true,"href":"https:\/\/www.dhdc1.org\/es\/wp-json\/wp\/v2\/users\/24"}],"replies":[{"embeddable":true,"href":"https:\/\/www.dhdc1.org\/es\/wp-json\/wp\/v2\/comments?post=3490"}],"version-history":[{"count":4,"href":"https:\/\/www.dhdc1.org\/es\/wp-json\/wp\/v2\/pages\/3490\/revisions"}],"predecessor-version":[{"id":4462,"href":"https:\/\/www.dhdc1.org\/es\/wp-json\/wp\/v2\/pages\/3490\/revisions\/4462"}],"wp:attachment":[{"href":"https:\/\/www.dhdc1.org\/es\/wp-json\/wp\/v2\/media?parent=3490"}],"curies":[{"name":"wp","href":"https:\/\/api.w.org\/{rel}","templated":true}]}}