{"id":3494,"date":"2022-06-13T15:14:18","date_gmt":"2022-06-13T19:14:18","guid":{"rendered":"https:\/\/www.dhdc1.org\/sobre-nosotros\/"},"modified":"2023-04-27T11:17:42","modified_gmt":"2023-04-27T15:17:42","slug":"sobre-nosotros","status":"publish","type":"page","link":"https:\/\/www.dhdc1.org\/es\/sobre-nosotros\/","title":{"rendered":"Sobre nosotros"},"content":{"rendered":"<div class=\"entry-content\"><div class='columns-wrapper '><div  class='two_third  first_column'><h2>Historia del DHDC<\/h2>\n<p class=\"text-xl\">Angela Reyes, Directora Ejecutiva de DHDC, llevaba trabajando con j\u00f3venes en el suroeste de Detroit desde que era adolescente en los a\u00f1os 70 y fund\u00f3 la Detroit Hispanic Development Corporation en el sal\u00f3n de su casa en 1997 porque &#8220;estaba cansada de enterrar ni\u00f1os&#8221;.<\/p>\n<p>Otras personas y yo trabaj\u00e1bamos con j\u00f3venes que formaban parte de bandas en una \u00e9poca en la que nuestra comunidad sufr\u00eda mucha violencia y muerte&#8221;, afirma Reyes. &#8220;Muchos de estos j\u00f3venes adultos eran padres y no quer\u00edan la misma vida para sus hijos y tambi\u00e9n quer\u00edan asegurarse de que estar\u00edan cerca para sus hijos, as\u00ed que estaban dispuestos a hablar de hacer algo diferente con sus vidas&#8221;.<\/p><\/div><div  class='one_third last_column'><img decoding=\"async\" src=\"\/app\/uploads\/2022\/06\/news-paper-scaled.jpg\" alt=\"Noticias\"><\/div><\/div><br \/>\n<div class='columns-wrapper '><div  class='one_third  first_column'><img decoding=\"async\" src=\"\/app\/uploads\/2022\/06\/halloween-truce-scaled-e1655474213331.jpg\" alt=\"Tregua entre bandas\"><\/div><div  class='two_third last_column'><p>Al acercarse la Noche del Diablo de 1997, el difunto reverendo Robert Duggan, p\u00e1rroco de la iglesia cat\u00f3lica de Santa Ana, acept\u00f3 acoger una reuni\u00f3n de los l\u00edderes. P. Duggan, el entonces jefe de la polic\u00eda de Detroit, Isaiah McKinnon, y los l\u00edderes de las bandas se reunieron en la residencia del Padre Duggan. Gabriel Richard Capilla de Santa Ana. &#8220;El padre Duggan era un pastor muy preocupado por la justicia social y por la comunidad. Cre\u00eda que los j\u00f3venes pod\u00edan tomar otras decisiones y dar un giro a sus vidas&#8221;. Muchos de los j\u00f3venes adultos aceptaron &#8220;retirarse&#8221; de la vida de las bandas a cambio de puestos de trabajo en empresas manufactureras locales de propiedad hispana.<\/p>\n<h3>Nace el DHDC<\/h3>\n<p>El resultado fue el programa de Jubilaci\u00f3n por Pandillas y Formaci\u00f3n Continua y Empleo del DHDC. &#8220;Nos asociamos con los propietarios del Hispanic Manufacturing Center (HMC), que se hab\u00eda trasladado a la planta abandonada de GM en Clark Street. Varios j\u00f3venes que hab\u00edan sido rivales se convirtieron en compa\u00f1eros de trabajo y amigos&#8221;, explica Reyes. &#8220;Sent\u00f3 las bases para un cambio significativo en nuestra comunidad, donde ya no ten\u00edamos el mismo nivel de violencia&#8221;. El padre Duggan se convirti\u00f3 en uno de los miembros fundadores de la junta junto con otras personas, entre ellas Carmen Mu\u00f1oz y Frank Venegas, dos de los propietarios del HMC que ayudaron a poner en marcha el DHDC.&#8221;<\/p>\n<p>DHDC se traslad\u00f3 al 1211 de Trumbull Street, en Corktown, en 2001, ya que el edificio se encontraba en &#8220;territorio neutral&#8221;. Este edificio de 28.000 m2 El edificio, antes Fife Electric, se ha transformado en un centro comunitario multiservicios al que acuden cada a\u00f1o m\u00e1s de 5.000 j\u00f3venes y adultos para participar en programas.<\/p><\/div><\/div><br \/>\n<div class=\"callout \"><h3>Misi\u00f3n y visi\u00f3n del DHDC<\/h3>\n<p>La misi\u00f3n del DHDC es marcar la diferencia creando oportunidades que cambien la vida de los j\u00f3venes y sus familias. Nos comprometemos a satisfacer las necesidades de nuestra comunidad proporcionando servicios de calidad, innovadores y culturalmente apropiados, principalmente en el suroeste de Detroit.<\/p>\n<p>Nuestra visi\u00f3n es crear una comunidad estable y segura en la que los j\u00f3venes y las familias tengan oportunidades de calidad para la autonom\u00eda, la educaci\u00f3n y la riqueza personal.<\/p>\n<\/div>\n<\/div>","protected":false},"excerpt":{"rendered":"","protected":false},"author":24,"featured_media":3431,"parent":0,"menu_order":0,"comment_status":"closed","ping_status":"closed","template":"","meta":{"footnotes":""},"class_list":{"1":"page","2":"type-page"},"featured_image_src":"https:\/\/www.dhdc1.org\/app\/uploads\/2022\/06\/news-paper-scaled.jpg","yoast_head":"<!-- This site is optimized with the Yoast SEO plugin v27.4 - https:\/\/yoast.com\/product\/yoast-seo-wordpress\/ -->\n<title>Historia de DHDC | M\u00e1s informaci\u00f3n sobre nuestra Corporaci\u00f3n de Desarrollo<\/title>\n<meta name=\"description\" content=\"Conozca lo que distingue al DHDC con nuestra historia y nuestro compromiso de ayudar a las personas a sentirse &quot;como en casa&quot; mientras reciben la asistencia necesaria.\" \/>\n<meta name=\"robots\" content=\"index, follow, max-snippet:-1, max-image-preview:large, max-video-preview:-1\" \/>\n<link rel=\"canonical\" href=\"https:\/\/www.dhdc1.org\/es\/sobre-nosotros\/\" \/>\n<meta name=\"twitter:label1\" content=\"Est. reading time\" \/>\n\t<meta name=\"twitter:data1\" content=\"3 minutes\" \/>\n<script type=\"application\/ld+json\" class=\"yoast-schema-graph\">{\"@context\":\"https:\\\/\\\/schema.org\",\"@graph\":[{\"@type\":\"WebPage\",\"@id\":\"https:\\\/\\\/www.dhdc1.org\\\/es\\\/sobre-nosotros\\\/\",\"url\":\"https:\\\/\\\/www.dhdc1.org\\\/es\\\/sobre-nosotros\\\/\",\"name\":\"Historia de DHDC | M\u00e1s informaci\u00f3n sobre nuestra Corporaci\u00f3n de Desarrollo\",\"isPartOf\":{\"@id\":\"https:\\\/\\\/www.dhdc1.org\\\/es\\\/#website\"},\"primaryImageOfPage\":{\"@id\":\"https:\\\/\\\/www.dhdc1.org\\\/es\\\/sobre-nosotros\\\/#primaryimage\"},\"image\":{\"@id\":\"https:\\\/\\\/www.dhdc1.org\\\/es\\\/sobre-nosotros\\\/#primaryimage\"},\"thumbnailUrl\":\"https:\\\/\\\/www.dhdc1.org\\\/app\\\/uploads\\\/2022\\\/06\\\/news-paper-scaled.jpg\",\"datePublished\":\"2022-06-13T19:14:18+00:00\",\"dateModified\":\"2023-04-27T15:17:42+00:00\",\"description\":\"Conozca lo que distingue al DHDC con nuestra historia y nuestro compromiso de ayudar a las personas a sentirse \\\"como en casa\\\" mientras reciben la asistencia necesaria.\",\"breadcrumb\":{\"@id\":\"https:\\\/\\\/www.dhdc1.org\\\/es\\\/sobre-nosotros\\\/#breadcrumb\"},\"inLanguage\":\"es-ES\",\"potentialAction\":[{\"@type\":\"ReadAction\",\"target\":[\"https:\\\/\\\/www.dhdc1.org\\\/es\\\/sobre-nosotros\\\/\"]}]},{\"@type\":\"ImageObject\",\"inLanguage\":\"es-ES\",\"@id\":\"https:\\\/\\\/www.dhdc1.org\\\/es\\\/sobre-nosotros\\\/#primaryimage\",\"url\":\"https:\\\/\\\/www.dhdc1.org\\\/app\\\/uploads\\\/2022\\\/06\\\/news-paper-scaled.jpg\",\"contentUrl\":\"https:\\\/\\\/www.dhdc1.org\\\/app\\\/uploads\\\/2022\\\/06\\\/news-paper-scaled.jpg\",\"width\":2560,\"height\":1920},{\"@type\":\"BreadcrumbList\",\"@id\":\"https:\\\/\\\/www.dhdc1.org\\\/es\\\/sobre-nosotros\\\/#breadcrumb\",\"itemListElement\":[{\"@type\":\"ListItem\",\"position\":1,\"name\":\"Home\",\"item\":\"https:\\\/\\\/www.dhdc1.org\\\/es\\\/inicio\\\/\"},{\"@type\":\"ListItem\",\"position\":2,\"name\":\"Sobre nosotros\"}]},{\"@type\":\"WebSite\",\"@id\":\"https:\\\/\\\/www.dhdc1.org\\\/es\\\/#website\",\"url\":\"https:\\\/\\\/www.dhdc1.org\\\/es\\\/\",\"name\":\"Detroit Hispanic Development Corporation\",\"description\":\"Creating life changing opportunities for youth and their families\",\"publisher\":{\"@id\":\"https:\\\/\\\/www.dhdc1.org\\\/es\\\/#organization\"},\"potentialAction\":[{\"@type\":\"SearchAction\",\"target\":{\"@type\":\"EntryPoint\",\"urlTemplate\":\"https:\\\/\\\/www.dhdc1.org\\\/es\\\/?s={search_term_string}\"},\"query-input\":{\"@type\":\"PropertyValueSpecification\",\"valueRequired\":true,\"valueName\":\"search_term_string\"}}],\"inLanguage\":\"es-ES\"},{\"@type\":\"Organization\",\"@id\":\"https:\\\/\\\/www.dhdc1.org\\\/es\\\/#organization\",\"name\":\"Detroit Hispanic Development Corporation\",\"url\":\"https:\\\/\\\/www.dhdc1.org\\\/es\\\/\",\"logo\":{\"@type\":\"ImageObject\",\"inLanguage\":\"es-ES\",\"@id\":\"https:\\\/\\\/www.dhdc1.org\\\/es\\\/#\\\/schema\\\/logo\\\/image\\\/\",\"url\":\"https:\\\/\\\/www.dhdc1.org\\\/app\\\/uploads\\\/2022\\\/06\\\/dhdc-logo-1.png\",\"contentUrl\":\"https:\\\/\\\/www.dhdc1.org\\\/app\\\/uploads\\\/2022\\\/06\\\/dhdc-logo-1.png\",\"width\":512,\"height\":242,\"caption\":\"Detroit Hispanic Development Corporation\"},\"image\":{\"@id\":\"https:\\\/\\\/www.dhdc1.org\\\/es\\\/#\\\/schema\\\/logo\\\/image\\\/\"},\"sameAs\":[\"https:\\\/\\\/www.facebook.com\\\/AmoDHDC\\\/\",\"https:\\\/\\\/x.com\\\/dhdc1\",\"https:\\\/\\\/www.linkedin.com\\\/company\\\/detroit-hispanic-development-corporation\\\/\",\"https:\\\/\\\/www.instagram.com\\\/amodhdc\\\/\"]}]}<\/script>\n<!-- \/ Yoast SEO plugin. -->","yoast_head_json":{"title":"Historia de DHDC | M\u00e1s informaci\u00f3n sobre nuestra Corporaci\u00f3n de Desarrollo","description":"Conozca lo que distingue al DHDC con nuestra historia y nuestro compromiso de ayudar a las personas a sentirse \"como en casa\" mientras reciben la asistencia necesaria.","robots":{"index":"index","follow":"follow","max-snippet":"max-snippet:-1","max-image-preview":"max-image-preview:large","max-video-preview":"max-video-preview:-1"},"canonical":"https:\/\/www.dhdc1.org\/es\/sobre-nosotros\/","twitter_misc":{"Est. reading time":"3 minutes"},"schema":{"@context":"https:\/\/schema.org","@graph":[{"@type":"WebPage","@id":"https:\/\/www.dhdc1.org\/es\/sobre-nosotros\/","url":"https:\/\/www.dhdc1.org\/es\/sobre-nosotros\/","name":"Historia de DHDC | M\u00e1s informaci\u00f3n sobre nuestra Corporaci\u00f3n de Desarrollo","isPartOf":{"@id":"https:\/\/www.dhdc1.org\/es\/#website"},"primaryImageOfPage":{"@id":"https:\/\/www.dhdc1.org\/es\/sobre-nosotros\/#primaryimage"},"image":{"@id":"https:\/\/www.dhdc1.org\/es\/sobre-nosotros\/#primaryimage"},"thumbnailUrl":"https:\/\/www.dhdc1.org\/app\/uploads\/2022\/06\/news-paper-scaled.jpg","datePublished":"2022-06-13T19:14:18+00:00","dateModified":"2023-04-27T15:17:42+00:00","description":"Conozca lo que distingue al DHDC con nuestra historia y nuestro compromiso de ayudar a las personas a sentirse \"como en casa\" mientras reciben la asistencia necesaria.","breadcrumb":{"@id":"https:\/\/www.dhdc1.org\/es\/sobre-nosotros\/#breadcrumb"},"inLanguage":"es-ES","potentialAction":[{"@type":"ReadAction","target":["https:\/\/www.dhdc1.org\/es\/sobre-nosotros\/"]}]},{"@type":"ImageObject","inLanguage":"es-ES","@id":"https:\/\/www.dhdc1.org\/es\/sobre-nosotros\/#primaryimage","url":"https:\/\/www.dhdc1.org\/app\/uploads\/2022\/06\/news-paper-scaled.jpg","contentUrl":"https:\/\/www.dhdc1.org\/app\/uploads\/2022\/06\/news-paper-scaled.jpg","width":2560,"height":1920},{"@type":"BreadcrumbList","@id":"https:\/\/www.dhdc1.org\/es\/sobre-nosotros\/#breadcrumb","itemListElement":[{"@type":"ListItem","position":1,"name":"Home","item":"https:\/\/www.dhdc1.org\/es\/inicio\/"},{"@type":"ListItem","position":2,"name":"Sobre nosotros"}]},{"@type":"WebSite","@id":"https:\/\/www.dhdc1.org\/es\/#website","url":"https:\/\/www.dhdc1.org\/es\/","name":"Detroit Hispanic Development Corporation","description":"Creating life changing opportunities for youth and their families","publisher":{"@id":"https:\/\/www.dhdc1.org\/es\/#organization"},"potentialAction":[{"@type":"SearchAction","target":{"@type":"EntryPoint","urlTemplate":"https:\/\/www.dhdc1.org\/es\/?s={search_term_string}"},"query-input":{"@type":"PropertyValueSpecification","valueRequired":true,"valueName":"search_term_string"}}],"inLanguage":"es-ES"},{"@type":"Organization","@id":"https:\/\/www.dhdc1.org\/es\/#organization","name":"Detroit Hispanic Development Corporation","url":"https:\/\/www.dhdc1.org\/es\/","logo":{"@type":"ImageObject","inLanguage":"es-ES","@id":"https:\/\/www.dhdc1.org\/es\/#\/schema\/logo\/image\/","url":"https:\/\/www.dhdc1.org\/app\/uploads\/2022\/06\/dhdc-logo-1.png","contentUrl":"https:\/\/www.dhdc1.org\/app\/uploads\/2022\/06\/dhdc-logo-1.png","width":512,"height":242,"caption":"Detroit Hispanic Development Corporation"},"image":{"@id":"https:\/\/www.dhdc1.org\/es\/#\/schema\/logo\/image\/"},"sameAs":["https:\/\/www.facebook.com\/AmoDHDC\/","https:\/\/x.com\/dhdc1","https:\/\/www.linkedin.com\/company\/detroit-hispanic-development-corporation\/","https:\/\/www.instagram.com\/amodhdc\/"]}]}},"_links":{"self":[{"href":"https:\/\/www.dhdc1.org\/es\/wp-json\/wp\/v2\/pages\/3494","targetHints":{"allow":["GET"]}}],"collection":[{"href":"https:\/\/www.dhdc1.org\/es\/wp-json\/wp\/v2\/pages"}],"about":[{"href":"https:\/\/www.dhdc1.org\/es\/wp-json\/wp\/v2\/types\/page"}],"author":[{"embeddable":true,"href":"https:\/\/www.dhdc1.org\/es\/wp-json\/wp\/v2\/users\/24"}],"replies":[{"embeddable":true,"href":"https:\/\/www.dhdc1.org\/es\/wp-json\/wp\/v2\/comments?post=3494"}],"version-history":[{"count":1,"href":"https:\/\/www.dhdc1.org\/es\/wp-json\/wp\/v2\/pages\/3494\/revisions"}],"predecessor-version":[{"id":3524,"href":"https:\/\/www.dhdc1.org\/es\/wp-json\/wp\/v2\/pages\/3494\/revisions\/3524"}],"wp:featuredmedia":[{"embeddable":true,"href":"https:\/\/www.dhdc1.org\/es\/wp-json\/wp\/v2\/media\/3431"}],"wp:attachment":[{"href":"https:\/\/www.dhdc1.org\/es\/wp-json\/wp\/v2\/media?parent=3494"}],"curies":[{"name":"wp","href":"https:\/\/api.w.org\/{rel}","templated":true}]}}