{"id":3505,"date":"2022-06-16T15:45:49","date_gmt":"2022-06-16T19:45:49","guid":{"rendered":"https:\/\/www.dhdc1.org\/programas\/emprendimiento-social\/"},"modified":"2024-01-18T11:49:32","modified_gmt":"2024-01-18T16:49:32","slug":"emprendimiento-social","status":"publish","type":"page","link":"https:\/\/www.dhdc1.org\/es\/programas\/emprendimiento-social\/","title":{"rendered":"Emprendimiento social"},"content":{"rendered":"<div class=\"entry-content\"><h2 style=\"text-align: left;\">Emprendimiento social del DHDC<span data-contrast=\"auto\"><\/span><\/h2>\n<p><span data-contrast=\"auto\">Detroit Hispanic Development Corporation fomenta el esp\u00edritu empresarial social con nuestros miembros. Nuestra organizaci\u00f3n ha creado dos proyectos gestionados por participantes en el programa DHDC: Fantazma Market &amp; Caf\u00e9 y Urban Graphix Print Shop.  <\/span><span data-ccp-props=\"{\"201341983\":0,\"335559739\":160,\"335559740\":259}\"> <\/span><\/p>\n<div class='columns-wrapper '><div  class='one_half  first_column'><h3 style=\"text-align: left;\">Mercado y cafeter\u00eda Fantazma<\/h3>\n<p><span data-contrast=\"auto\">Fantazma Market and Caf\u00e9 es un mercado comunitario de vendedores desarrollado en el DHDC y puesto en marcha en julio de 2021. El objetivo del proyecto es desarrollar una v\u00eda de empleo y emprendimiento para los participantes en el programa DHDC y las peque\u00f1as empresas aut\u00f3nomas del \u00e1rea metropolitana de Detroit.<\/span><\/p>\n<p><span data-contrast=\"auto\">&#8220;Fantazma&#8221; significa &#8220;fantasma&#8221; en espa\u00f1ol. Este concepto combina la idea de la cocina fantasma con la experiencia del comedor y el mercado de vendedores que desaparece durante la semana y reaparece los viernes. Los eventos contar\u00e1n con la presencia rotativa de un chef emergente diferente, actuaciones en directo de artistas locales y un surtido de vendedores, lo que brindar\u00e1 a nuestras peque\u00f1as empresas la oportunidad de operar en una zona de Detroit en pleno desarrollo.  <\/span><\/p>\n<p><span style=\"font-size: clamp(0.9375rem, 0.8347rem + 0.387vw, 1.125rem);\"><\/div><div  class='one_half last_column'><\/span><\/p>\n<figure id=\"attachment_3751\" aria-describedby=\"caption-attachment-3751\" style=\"width: 600px\" class=\"wp-caption alignleft\"><img loading=\"lazy\" decoding=\"async\" src=\"https:\/\/www.dhdc1.org\/app\/uploads\/2024\/01\/IMG_9326-600x400.jpg\" alt=\"\" width=\"600\" height=\"400\" class=\"size-medium wp-image-3751\" srcset=\"https:\/\/www.dhdc1.org\/app\/uploads\/2024\/01\/IMG_9326-600x400.jpg 600w, https:\/\/www.dhdc1.org\/app\/uploads\/2024\/01\/IMG_9326-2000x1333.jpg 2000w, https:\/\/www.dhdc1.org\/app\/uploads\/2024\/01\/IMG_9326-768x512.jpg 768w, https:\/\/www.dhdc1.org\/app\/uploads\/2024\/01\/IMG_9326-1536x1024.jpg 1536w, https:\/\/www.dhdc1.org\/app\/uploads\/2024\/01\/IMG_9326-2048x1365.jpg 2048w\" sizes=\"auto, (max-width: 600px) 100vw, 600px\" \/><figcaption id=\"caption-attachment-3751\" class=\"wp-caption-text\">Noche de micr\u00f3fono abierto<\/figcaption><\/figure><\/div><\/div><\/p>\n<div class='columns-wrapper '><div  class='one_half  first_column'><\/div>\n<p>&nbsp;<\/p>\n<p>&nbsp;<\/p>\n<p>&nbsp;<\/p>\n<p>&nbsp;<\/p>\n<p>&nbsp;<\/p>\n<p>&nbsp;<\/p>\n<p>&nbsp;<\/p>\n<p>&nbsp;<\/p>\n<div  class='one_half last_column'><p><span data-contrast=\"auto\">Nuestro mercado semanal de vendedores ofrece a las peque\u00f1as empresas emergentes la oportunidad de presentar sus productos a una nueva clientela, probar conceptos originales, rentabilizar ideas e incubar con otras peque\u00f1as empresas cada semana. Este proyecto es una v\u00eda para que los empresarios locales prueben su concepto de negocio y se preparen para dar el salto a espacios f\u00edsicos en el futuro. Fantazma atiende a la mayor\u00eda de las empresas latinas, negras, ind\u00edgenas y de mujeres del mercado, garantizando que el 75-85% de las empresas afectadas sean propiedad de BIPOC. Tambi\u00e9n somos conocidos por ser un lugar de encuentro para artistas, m\u00fasicos y creativos locales que les permite mostrar su arte y recibir una compensaci\u00f3n por su trabajo en un entorno que les da a conocer a la gente de la comunidad.<\/span><span data-ccp-props=\"{\"201341983\":0,\"335559731\":720,\"335559739\":160,\"335559740\":259}\"> <\/span><\/p>\n<div  class='one_half'><\/div>\n<p style=\"color: #ea6743;\"><em>Entre los patrocinadores figuran Verita, Kresge Foundation, Wayne County, JP Morgan Chase y Rocket Community Fund.<\/em><\/p><\/div><\/div>\n<div id='gallery-1' class='gallery galleryid-3505 gallery-columns-2 gallery-size-medium'><figure class='gallery-item'>\n\t\t\t<div class='gallery-icon landscape'>\n\t\t\t\t<img loading=\"lazy\" decoding=\"async\" width=\"600\" height=\"400\" src=\"https:\/\/www.dhdc1.org\/app\/uploads\/2024\/01\/IMG_7249-1-600x400.jpg\" class=\"attachment-medium size-medium\" alt=\"\" aria-describedby=\"gallery-1-3750\" srcset=\"https:\/\/www.dhdc1.org\/app\/uploads\/2024\/01\/IMG_7249-1-600x400.jpg 600w, https:\/\/www.dhdc1.org\/app\/uploads\/2024\/01\/IMG_7249-1-2000x1333.jpg 2000w, https:\/\/www.dhdc1.org\/app\/uploads\/2024\/01\/IMG_7249-1-768x512.jpg 768w, https:\/\/www.dhdc1.org\/app\/uploads\/2024\/01\/IMG_7249-1-1536x1024.jpg 1536w, https:\/\/www.dhdc1.org\/app\/uploads\/2024\/01\/IMG_7249-1-2048x1365.jpg 2048w\" sizes=\"auto, (max-width: 600px) 100vw, 600px\" \/>\n\t\t\t<\/div>\n\t\t\t\t<figcaption class='wp-caption-text gallery-caption' id='gallery-1-3750'>\n\t\t\t\tDia De Los Muertos Market\n\t\t\t\t<\/figcaption><\/figure><figure class='gallery-item'>\n\t\t\t<div class='gallery-icon landscape'>\n\t\t\t\t<img loading=\"lazy\" decoding=\"async\" width=\"600\" height=\"400\" src=\"https:\/\/www.dhdc1.org\/app\/uploads\/2024\/01\/IMG_4180-1-600x400.jpg\" class=\"attachment-medium size-medium\" alt=\"\" aria-describedby=\"gallery-1-3773\" srcset=\"https:\/\/www.dhdc1.org\/app\/uploads\/2024\/01\/IMG_4180-1-600x400.jpg 600w, https:\/\/www.dhdc1.org\/app\/uploads\/2024\/01\/IMG_4180-1-2000x1333.jpg 2000w, https:\/\/www.dhdc1.org\/app\/uploads\/2024\/01\/IMG_4180-1-768x512.jpg 768w, https:\/\/www.dhdc1.org\/app\/uploads\/2024\/01\/IMG_4180-1-1536x1024.jpg 1536w, https:\/\/www.dhdc1.org\/app\/uploads\/2024\/01\/IMG_4180-1-2048x1365.jpg 2048w\" sizes=\"auto, (max-width: 600px) 100vw, 600px\" \/>\n\t\t\t<\/div>\n\t\t\t\t<figcaption class='wp-caption-text gallery-caption' id='gallery-1-3773'>\n\t\t\t\tCarnival Day\n\t\t\t\t<\/figcaption><\/figure>\n\t\t<\/div>\n\n<div class='columns-wrapper '><div  class='one_half last_column  first_column'><\/div><\/div>\n<h3><\/h3>\n<h3 style=\"text-align: left;\">Imprenta Urban Graphix<\/h3>\n<p><span data-contrast=\"auto\" lang=\"EN-US\" class=\"TextRun SCXW259336369 BCX4\" xml:lang=\"EN-US\"><span class=\"NormalTextRun SCXW259336369 BCX4\">Urban Graphix es una <\/span><span class=\"NormalTextRun SCXW259336369 BCX4\">imprenta fundada por la Corporaci\u00f3n de Desarrollo Hispano de Detroit, <\/span><span class=\"NormalTextRun SCXW259336369 BCX4\">situada en<\/span><span class=\"NormalTextRun SCXW259336369 BCX4\"> dentro de su centro comunitario.<\/span><span class=\"NormalTextRun SCXW259336369 BCX4\"> <\/span><span class=\"NormalTextRun SCXW259336369 BCX4\">Esta productora cuenta con<\/span><span class=\"NormalTextRun SCXW259336369 BCX4\">y <\/span><span class=\"NormalTextRun SCXW259336369 BCX4\">alta calidad<\/span><span class=\"NormalTextRun SCXW259336369 BCX4\"> impresoras de gran formato de, <\/span><span class=\"NormalTextRun SCXW259336369 BCX4\">serigraf\u00eda,<\/span><span class=\"NormalTextRun SCXW259336369 BCX4\"> hasta sublimaci\u00f3n,<\/span><span class=\"NormalTextRun SCXW259336369 BCX4\"> directo<\/span><span class=\"NormalTextRun SCXW259336369 BCX4\">&#8211;<\/span><span class=\"NormalTextRun SCXW259336369 BCX4\">a<\/span><span class=\"NormalTextRun SCXW259336369 BCX4\">&#8211;<\/span><span class=\"NormalTextRun SCXW259336369 BCX4\">impresi\u00f3n de prendas y documentos<\/span><span class=\"NormalTextRun SCXW259336369 BCX4\">. Ofrecen sus servicios para diversos materiales de marketing y mercanc\u00edas a su comunidad y en todo el \u00e1rea metropolitana de Detroit<\/span><span class=\"NormalTextRun SCXW259336369 BCX4\">.<\/span><span class=\"NormalTextRun SCXW259336369 BCX4\"> Urban Graphix puede producir<\/span><span class=\"NormalTextRun SCXW259336369 BCX4\"> servicios como <\/span><span class=\"NormalTextRun SCXW259336369 BCX4\">f<\/span><span class=\"NormalTextRun SCXW259336369 BCX4\">lizadores, b<\/span><span class=\"NormalTextRun SCXW259336369 BCX4\">rochures<\/span><span class=\"NormalTextRun SCXW259336369 BCX4\">pancartas, pegatinas y camisetas, <\/span><span class=\"NormalTextRun SCXW259336369 BCX4\">m<\/span><span class=\"NormalTextRun SCXW259336369 BCX4\">ugs, imanes y mucho m\u00e1s, \u00a1todo a precios competitivos! Todos<\/span> <span class=\"NormalTextRun SCXW259336369 BCX4\"> ingresos<\/span><span class=\"NormalTextRun SCXW259336369 BCX4\"> obtenidos en la tienda <\/span><span class=\"NormalTextRun SCXW259336369 BCX4\">ir a <\/span><span class=\"NormalTextRun SCXW259336369 BCX4\">a <\/span><span class=\"NormalTextRun SCXW259336369 BCX4\">DHDC para apoyar <\/span><span class=\"NormalTextRun SCXW259336369 BCX4\">sus programas<\/span><span class=\"NormalTextRun SCXW259336369 BCX4\"> programas.<\/span><\/span><\/p>\n<p><img loading=\"lazy\" decoding=\"async\" src=\"https:\/\/www.dhdc1.org\/app\/uploads\/2024\/01\/ServiceList-600x776.jpg\" alt=\"\" width=\"600\" height=\"776\" class=\"aligncenter size-medium wp-image-3747\" srcset=\"https:\/\/www.dhdc1.org\/app\/uploads\/2024\/01\/ServiceList-600x776.jpg 600w, https:\/\/www.dhdc1.org\/app\/uploads\/2024\/01\/ServiceList-2000x2588.jpg 2000w, https:\/\/www.dhdc1.org\/app\/uploads\/2024\/01\/ServiceList-768x994.jpg 768w, https:\/\/www.dhdc1.org\/app\/uploads\/2024\/01\/ServiceList-1187x1536.jpg 1187w, https:\/\/www.dhdc1.org\/app\/uploads\/2024\/01\/ServiceList-1583x2048.jpg 1583w, https:\/\/www.dhdc1.org\/app\/uploads\/2024\/01\/ServiceList-scaled.jpg 1978w\" sizes=\"auto, (max-width: 600px) 100vw, 600px\" \/><\/p>\n<div class='columns-wrapper '><div  class='one_half last_column  first_column'><\/div><\/div>\n<p>&nbsp;<\/p>\n<h3 style=\"text-align: center;\">SERVICIOS PARA PEQUE\u00d1AS EMPRESAS<\/h3>\n<p><span data-contrast=\"auto\">Adem\u00e1s de incubar empresas en Fantazma, nuestro equipo de emprendedores ofrece una variedad de recursos para peque\u00f1as empresas que son gratuitos para nuestros clientes. Todos los servicios para peque\u00f1as empresas se ofrecen en espa\u00f1ol o en ingl\u00e9s.<\/span><span data-ccp-props=\"{\"201341983\":0,\"335559731\":720,\"335559739\":160,\"335559740\":259}\"> <\/span><\/p>\n<p><span data-contrast=\"auto\">Incluye: Coaching empresarial 1 a 1 donde los clientes pueden reservar tiempo para reunirse con un miembro del equipo para obtener soluciones empresariales personalizadas que le ayuden a alcanzar sus objetivos empresariales. Tambi\u00e9n podemos ayudarle a encontrar financiaci\u00f3n para su empresa de nueva creaci\u00f3n o ya existente.<\/span><span data-ccp-props=\"{\"201341983\":0,\"335559731\":0,\"335559739\":160,\"335559740\":259}\"> <\/span><\/p>\n<p><span data-contrast=\"auto\">Clases de Side Hustle a CEO. Se trata de un  <\/span><span data-contrast=\"auto\">Curso de 6 semanas que le guiar\u00e1 para elevar su peque\u00f1a empresa centr\u00e1ndose en c\u00f3mo presentar una LLC\/EIN, marketing, contabilidad, planificaci\u00f3n empresarial y proyecciones financieras.<\/span><span data-ccp-props=\"{\"201341983\":0,\"335559731\":0,\"335559739\":160,\"335559740\":259}\"> <\/span><\/p>\n<p><span data-contrast=\"auto\">La marca de su empresa. Re\u00fanase con nosotros para definir su marca, comprender a su p\u00fablico y crear una identidad coherente y convincente para tener una fuerte presencia en el mercado.<\/span><span data-ccp-props=\"{\"201341983\":0,\"335559731\":0,\"335559739\":160,\"335559740\":259}\"> <\/span><\/p>\n<p><span data-contrast=\"auto\">Consultor\u00eda en redes sociales. Optimice su presencia en l\u00ednea, interact\u00fae con su p\u00fablico objetivo y alcance sus objetivos de marketing a trav\u00e9s de las redes sociales.<\/span><\/p>\n<p><a href=\"https:\/\/linktr.ee\/fantazmamarketandcafe\">https:\/\/linktr.ee\/fantazmamarketandcafe<\/a><\/p>\n<p>&nbsp;<\/p>\n<p>&nbsp;<\/p>\n<\/div>","protected":false},"excerpt":{"rendered":"<p>Emprendimiento social del DHDC Detroit Hispanic Development Corporation fomenta el esp\u00edritu empresarial social con nuestros miembros. Nuestra organizaci\u00f3n ha creado dos proyectos gestionados por participantes en el programa DHDC: Fantazma Market &amp; Caf\u00e9 y Urban Graphix Print Shop. &nbsp; &nbsp; &nbsp; &nbsp; &nbsp; &nbsp; &nbsp; &nbsp; Imprenta Urban Graphix Urban Graphix es una imprenta fundada &hellip; <\/p>\n","protected":false},"author":24,"featured_media":3402,"parent":3456,"menu_order":0,"comment_status":"closed","ping_status":"closed","template":"","meta":{"footnotes":""},"class_list":{"1":"page","2":"type-page"},"featured_image_src":"https:\/\/www.dhdc1.org\/app\/uploads\/2022\/06\/social-entrepreneurship-1.jpg","yoast_head":"<!-- This site is optimized with the Yoast SEO plugin v27.4 - https:\/\/yoast.com\/product\/yoast-seo-wordpress\/ -->\n<title>Emprendimiento social en la Corporaci\u00f3n de Desarrollo Hispano de Detroit<\/title>\n<meta name=\"description\" content=\"DHDC fomenta la iniciativa empresarial social con nuestros miembros y ha establecido dos proyectos que son operados por los participantes del programa.\" \/>\n<meta name=\"robots\" content=\"index, follow, max-snippet:-1, max-image-preview:large, max-video-preview:-1\" \/>\n<link rel=\"canonical\" href=\"https:\/\/www.dhdc1.org\/es\/programas\/emprendimiento-social\/\" \/>\n<meta name=\"twitter:label1\" content=\"Est. reading time\" \/>\n\t<meta name=\"twitter:data1\" content=\"4 minutes\" \/>\n<script type=\"application\/ld+json\" class=\"yoast-schema-graph\">{\"@context\":\"https:\\\/\\\/schema.org\",\"@graph\":[{\"@type\":\"WebPage\",\"@id\":\"https:\\\/\\\/www.dhdc1.org\\\/es\\\/programas\\\/emprendimiento-social\\\/\",\"url\":\"https:\\\/\\\/www.dhdc1.org\\\/es\\\/programas\\\/emprendimiento-social\\\/\",\"name\":\"Emprendimiento social en la Corporaci\u00f3n de Desarrollo Hispano de Detroit\",\"isPartOf\":{\"@id\":\"https:\\\/\\\/www.dhdc1.org\\\/es\\\/#website\"},\"primaryImageOfPage\":{\"@id\":\"https:\\\/\\\/www.dhdc1.org\\\/es\\\/programas\\\/emprendimiento-social\\\/#primaryimage\"},\"image\":{\"@id\":\"https:\\\/\\\/www.dhdc1.org\\\/es\\\/programas\\\/emprendimiento-social\\\/#primaryimage\"},\"thumbnailUrl\":\"https:\\\/\\\/www.dhdc1.org\\\/app\\\/uploads\\\/2022\\\/06\\\/social-entrepreneurship-1.jpg\",\"datePublished\":\"2022-06-16T19:45:49+00:00\",\"dateModified\":\"2024-01-18T16:49:32+00:00\",\"description\":\"DHDC fomenta la iniciativa empresarial social con nuestros miembros y ha establecido dos proyectos que son operados por los participantes del programa.\",\"breadcrumb\":{\"@id\":\"https:\\\/\\\/www.dhdc1.org\\\/es\\\/programas\\\/emprendimiento-social\\\/#breadcrumb\"},\"inLanguage\":\"es-ES\",\"potentialAction\":[{\"@type\":\"ReadAction\",\"target\":[\"https:\\\/\\\/www.dhdc1.org\\\/es\\\/programas\\\/emprendimiento-social\\\/\"]}]},{\"@type\":\"ImageObject\",\"inLanguage\":\"es-ES\",\"@id\":\"https:\\\/\\\/www.dhdc1.org\\\/es\\\/programas\\\/emprendimiento-social\\\/#primaryimage\",\"url\":\"https:\\\/\\\/www.dhdc1.org\\\/app\\\/uploads\\\/2022\\\/06\\\/social-entrepreneurship-1.jpg\",\"contentUrl\":\"https:\\\/\\\/www.dhdc1.org\\\/app\\\/uploads\\\/2022\\\/06\\\/social-entrepreneurship-1.jpg\",\"width\":1600,\"height\":747},{\"@type\":\"BreadcrumbList\",\"@id\":\"https:\\\/\\\/www.dhdc1.org\\\/es\\\/programas\\\/emprendimiento-social\\\/#breadcrumb\",\"itemListElement\":[{\"@type\":\"ListItem\",\"position\":1,\"name\":\"Home\",\"item\":\"https:\\\/\\\/www.dhdc1.org\\\/es\\\/inicio\\\/\"},{\"@type\":\"ListItem\",\"position\":2,\"name\":\"Programas\",\"item\":\"https:\\\/\\\/www.dhdc1.org\\\/es\\\/programas\\\/\"},{\"@type\":\"ListItem\",\"position\":3,\"name\":\"Emprendimiento social\"}]},{\"@type\":\"WebSite\",\"@id\":\"https:\\\/\\\/www.dhdc1.org\\\/es\\\/#website\",\"url\":\"https:\\\/\\\/www.dhdc1.org\\\/es\\\/\",\"name\":\"Detroit Hispanic Development Corporation\",\"description\":\"Creating life changing opportunities for youth and their families\",\"publisher\":{\"@id\":\"https:\\\/\\\/www.dhdc1.org\\\/es\\\/#organization\"},\"potentialAction\":[{\"@type\":\"SearchAction\",\"target\":{\"@type\":\"EntryPoint\",\"urlTemplate\":\"https:\\\/\\\/www.dhdc1.org\\\/es\\\/?s={search_term_string}\"},\"query-input\":{\"@type\":\"PropertyValueSpecification\",\"valueRequired\":true,\"valueName\":\"search_term_string\"}}],\"inLanguage\":\"es-ES\"},{\"@type\":\"Organization\",\"@id\":\"https:\\\/\\\/www.dhdc1.org\\\/es\\\/#organization\",\"name\":\"Detroit Hispanic Development Corporation\",\"url\":\"https:\\\/\\\/www.dhdc1.org\\\/es\\\/\",\"logo\":{\"@type\":\"ImageObject\",\"inLanguage\":\"es-ES\",\"@id\":\"https:\\\/\\\/www.dhdc1.org\\\/es\\\/#\\\/schema\\\/logo\\\/image\\\/\",\"url\":\"https:\\\/\\\/www.dhdc1.org\\\/app\\\/uploads\\\/2022\\\/06\\\/dhdc-logo-1.png\",\"contentUrl\":\"https:\\\/\\\/www.dhdc1.org\\\/app\\\/uploads\\\/2022\\\/06\\\/dhdc-logo-1.png\",\"width\":512,\"height\":242,\"caption\":\"Detroit Hispanic Development Corporation\"},\"image\":{\"@id\":\"https:\\\/\\\/www.dhdc1.org\\\/es\\\/#\\\/schema\\\/logo\\\/image\\\/\"},\"sameAs\":[\"https:\\\/\\\/www.facebook.com\\\/AmoDHDC\\\/\",\"https:\\\/\\\/x.com\\\/dhdc1\",\"https:\\\/\\\/www.linkedin.com\\\/company\\\/detroit-hispanic-development-corporation\\\/\",\"https:\\\/\\\/www.instagram.com\\\/amodhdc\\\/\"]}]}<\/script>\n<!-- \/ Yoast SEO plugin. -->","yoast_head_json":{"title":"Emprendimiento social en la Corporaci\u00f3n de Desarrollo Hispano de Detroit","description":"DHDC fomenta la iniciativa empresarial social con nuestros miembros y ha establecido dos proyectos que son operados por los participantes del programa.","robots":{"index":"index","follow":"follow","max-snippet":"max-snippet:-1","max-image-preview":"max-image-preview:large","max-video-preview":"max-video-preview:-1"},"canonical":"https:\/\/www.dhdc1.org\/es\/programas\/emprendimiento-social\/","twitter_misc":{"Est. reading time":"4 minutes"},"schema":{"@context":"https:\/\/schema.org","@graph":[{"@type":"WebPage","@id":"https:\/\/www.dhdc1.org\/es\/programas\/emprendimiento-social\/","url":"https:\/\/www.dhdc1.org\/es\/programas\/emprendimiento-social\/","name":"Emprendimiento social en la Corporaci\u00f3n de Desarrollo Hispano de Detroit","isPartOf":{"@id":"https:\/\/www.dhdc1.org\/es\/#website"},"primaryImageOfPage":{"@id":"https:\/\/www.dhdc1.org\/es\/programas\/emprendimiento-social\/#primaryimage"},"image":{"@id":"https:\/\/www.dhdc1.org\/es\/programas\/emprendimiento-social\/#primaryimage"},"thumbnailUrl":"https:\/\/www.dhdc1.org\/app\/uploads\/2022\/06\/social-entrepreneurship-1.jpg","datePublished":"2022-06-16T19:45:49+00:00","dateModified":"2024-01-18T16:49:32+00:00","description":"DHDC fomenta la iniciativa empresarial social con nuestros miembros y ha establecido dos proyectos que son operados por los participantes del programa.","breadcrumb":{"@id":"https:\/\/www.dhdc1.org\/es\/programas\/emprendimiento-social\/#breadcrumb"},"inLanguage":"es-ES","potentialAction":[{"@type":"ReadAction","target":["https:\/\/www.dhdc1.org\/es\/programas\/emprendimiento-social\/"]}]},{"@type":"ImageObject","inLanguage":"es-ES","@id":"https:\/\/www.dhdc1.org\/es\/programas\/emprendimiento-social\/#primaryimage","url":"https:\/\/www.dhdc1.org\/app\/uploads\/2022\/06\/social-entrepreneurship-1.jpg","contentUrl":"https:\/\/www.dhdc1.org\/app\/uploads\/2022\/06\/social-entrepreneurship-1.jpg","width":1600,"height":747},{"@type":"BreadcrumbList","@id":"https:\/\/www.dhdc1.org\/es\/programas\/emprendimiento-social\/#breadcrumb","itemListElement":[{"@type":"ListItem","position":1,"name":"Home","item":"https:\/\/www.dhdc1.org\/es\/inicio\/"},{"@type":"ListItem","position":2,"name":"Programas","item":"https:\/\/www.dhdc1.org\/es\/programas\/"},{"@type":"ListItem","position":3,"name":"Emprendimiento social"}]},{"@type":"WebSite","@id":"https:\/\/www.dhdc1.org\/es\/#website","url":"https:\/\/www.dhdc1.org\/es\/","name":"Detroit Hispanic Development Corporation","description":"Creating life changing opportunities for youth and their families","publisher":{"@id":"https:\/\/www.dhdc1.org\/es\/#organization"},"potentialAction":[{"@type":"SearchAction","target":{"@type":"EntryPoint","urlTemplate":"https:\/\/www.dhdc1.org\/es\/?s={search_term_string}"},"query-input":{"@type":"PropertyValueSpecification","valueRequired":true,"valueName":"search_term_string"}}],"inLanguage":"es-ES"},{"@type":"Organization","@id":"https:\/\/www.dhdc1.org\/es\/#organization","name":"Detroit Hispanic Development Corporation","url":"https:\/\/www.dhdc1.org\/es\/","logo":{"@type":"ImageObject","inLanguage":"es-ES","@id":"https:\/\/www.dhdc1.org\/es\/#\/schema\/logo\/image\/","url":"https:\/\/www.dhdc1.org\/app\/uploads\/2022\/06\/dhdc-logo-1.png","contentUrl":"https:\/\/www.dhdc1.org\/app\/uploads\/2022\/06\/dhdc-logo-1.png","width":512,"height":242,"caption":"Detroit Hispanic Development Corporation"},"image":{"@id":"https:\/\/www.dhdc1.org\/es\/#\/schema\/logo\/image\/"},"sameAs":["https:\/\/www.facebook.com\/AmoDHDC\/","https:\/\/x.com\/dhdc1","https:\/\/www.linkedin.com\/company\/detroit-hispanic-development-corporation\/","https:\/\/www.instagram.com\/amodhdc\/"]}]}},"_links":{"self":[{"href":"https:\/\/www.dhdc1.org\/es\/wp-json\/wp\/v2\/pages\/3505","targetHints":{"allow":["GET"]}}],"collection":[{"href":"https:\/\/www.dhdc1.org\/es\/wp-json\/wp\/v2\/pages"}],"about":[{"href":"https:\/\/www.dhdc1.org\/es\/wp-json\/wp\/v2\/types\/page"}],"author":[{"embeddable":true,"href":"https:\/\/www.dhdc1.org\/es\/wp-json\/wp\/v2\/users\/24"}],"replies":[{"embeddable":true,"href":"https:\/\/www.dhdc1.org\/es\/wp-json\/wp\/v2\/comments?post=3505"}],"version-history":[{"count":12,"href":"https:\/\/www.dhdc1.org\/es\/wp-json\/wp\/v2\/pages\/3505\/revisions"}],"predecessor-version":[{"id":3798,"href":"https:\/\/www.dhdc1.org\/es\/wp-json\/wp\/v2\/pages\/3505\/revisions\/3798"}],"up":[{"embeddable":true,"href":"https:\/\/www.dhdc1.org\/es\/wp-json\/wp\/v2\/pages\/3456"}],"wp:featuredmedia":[{"embeddable":true,"href":"https:\/\/www.dhdc1.org\/es\/wp-json\/wp\/v2\/media\/3402"}],"wp:attachment":[{"href":"https:\/\/www.dhdc1.org\/es\/wp-json\/wp\/v2\/media?parent=3505"}],"curies":[{"name":"wp","href":"https:\/\/api.w.org\/{rel}","templated":true}]}}